{"id":10267,"date":"2017-01-09T16:15:04","date_gmt":"2017-01-09T15:15:04","guid":{"rendered":"\/fr\/?page_id=10267"},"modified":"2017-07-07T16:49:00","modified_gmt":"2017-07-07T14:49:00","slug":"barrage-bike-hotel","status":"publish","type":"page","link":"https:\/\/www.hotelbarrage.it\/fr\/barrage-bike-hotel","title":{"rendered":"BARRAGE BIKE HOTEL"},"content":{"rendered":"\n\t\t<style type=\"text\/css\">\n\t\t\t#gallery-1 {\n\t\t\t\tmargin: auto;\n\t\t\t}\n\t\t\t#gallery-1 .gallery-item {\n\t\t\t\tfloat: left;\n\t\t\t\tmargin-top: 10px;\n\t\t\t\ttext-align: center;\n\t\t\t\twidth: 33%;\n\t\t\t}\n\t\t\t#gallery-1 img {\n\t\t\t\tborder-width: 1px; border-style: solid;\n\t\t\t}\n\t\t\t#gallery-1 .gallery-caption {\n\t\t\t\tmargin-left: 0;\n\t\t\t}\n\t\t\t\/* see gallery_shortcode() in wp-includes\/media.php *\/\n\t\t<\/style>\n\t\t<div id='gallery-1' class='gallery galleryid-10267 gallery-columns-3 gallery-size-thumbnail'><dl class='gallery-item'>\n\t\t\t<dt class='gallery-icon landscape'>\n\t\t\t\t<a href='https:\/\/www.hotelbarrage.it\/fr\/barrage-bike-hotel\/attachment\/vivilavventura-2-2-2'><img width=\"150\" height=\"150\" src=\"\/wp-content\/uploads\/2016\/12\/Vivilavventura-2-150x150.png\" class=\"attachment-thumbnail size-thumbnail\" alt=\"\" decoding=\"async\" loading=\"lazy\" srcset=\"\/wp-content\/uploads\/2016\/12\/Vivilavventura-2-150x150.png 150w, \/wp-content\/uploads\/2016\/12\/Vivilavventura-2-400x400.png 400w\" sizes=\"(max-width: 150px) 100vw, 150px\" \/><\/a>\n\t\t\t<\/dt><\/dl><dl class='gallery-item'>\n\t\t\t<dt class='gallery-icon landscape'>\n\t\t\t\t<a href='https:\/\/www.hotelbarrage.it\/fr\/barrage-bike-hotel\/attachment\/20161029_depositofull-2'><img width=\"150\" height=\"150\" src=\"\/wp-content\/uploads\/2016\/11\/20161029_depositofull-150x150.jpg\" class=\"attachment-thumbnail size-thumbnail\" alt=\"\" decoding=\"async\" loading=\"lazy\" srcset=\"\/wp-content\/uploads\/2016\/11\/20161029_depositofull-150x150.jpg 150w, \/wp-content\/uploads\/2016\/11\/20161029_depositofull-400x400.jpg 400w\" sizes=\"(max-width: 150px) 100vw, 150px\" \/><\/a>\n\t\t\t<\/dt><\/dl><dl class='gallery-item'>\n\t\t\t<dt class='gallery-icon landscape'>\n\t\t\t\t<a href='https:\/\/www.hotelbarrage.it\/fr\/barrage-bike-hotel\/attachment\/vivilavventura-2-3'><img width=\"150\" height=\"150\" src=\"\/wp-content\/uploads\/2017\/01\/Vivilavventura-2-150x150.jpg\" class=\"attachment-thumbnail size-thumbnail\" alt=\"\" decoding=\"async\" loading=\"lazy\" srcset=\"\/wp-content\/uploads\/2017\/01\/Vivilavventura-2-150x150.jpg 150w, \/wp-content\/uploads\/2017\/01\/Vivilavventura-2-400x400.jpg 400w\" sizes=\"(max-width: 150px) 100vw, 150px\" \/><\/a>\n\t\t\t<\/dt><\/dl><br style=\"clear: both\" \/>\n\t\t<\/div>\n\n<p style=\"text-align: center;\">\n<div class=\"gdlr-shortcode-wrapper\">\n<div class=\"clear\"><\/div>\n<div class=\"gdlr-item gdlr-divider-item\"  >\n<div class=\"gdlr-divider solid\"  style=\"width: 50%;\" ><\/div>\n<\/div>\n<\/div>\n<p>&nbsp;<\/p>\n<p style=\"text-align: justify;\">Si vous pr\u00e9voyez <strong>des vacances \u00e0 la campagne avec une vue imprenable, grande cuisine et le vin, l&rsquo;histoire, la culture et les activit\u00e9s de plein air<\/strong>, la destination id\u00e9ale pour vous est Pinerolo, municipalit\u00e9 de la province de Turin \u00e0 la fin du Moyen Age.<\/p>\n<p style=\"text-align: justify;\"><strong>Pinerolo est un centre fabuleux pour les activit\u00e9s de plein air<\/strong> et surtout pour les amateurs de moto: \u00e0 seulement 35 km de Turin, \u00e0 50 km de Sestriere et \u00e0 90 km de Langhe, offre de nombreux itin\u00e9raires pour chaque cat\u00e9gorie de cyclistes, de v\u00e9lo de montagne cross-country , aux sentiers de route pour admirer la beaut\u00e9 de la r\u00e9gion, le plus adapt\u00e9 \u00e0 l&rsquo;audace freeride.<\/p>\n<p style=\"text-align: justify;\">L&rsquo;angle l\u00e9g\u00e8rement serr\u00e9 par le centre-ville est Barrage H\u00f4tel un excellent point de d\u00e9part pour choisir un itin\u00e9raire plat \u00e0 la d\u00e9couverte de la ville de Pinerolo et son centre historique, d&rsquo;o\u00f9, en suivant la route provinciale, vous pouvez rejoindre le magnifique <strong>Palais Royal Stupinigi<\/strong> puis \u00e0 <strong>Turin<\/strong>. Si vous aimez les chemins les plus robustes peuvent vous pousser \u00e0 la place le long des routes militaires au <strong>Fenestrelle Fort<\/strong> et admirer le caract\u00e8re unique de ce b\u00e2timent ancien, ou vous pouvez \u00e9prouver le frisson de fatbike \u00e0 <strong>Sestriere<\/strong> profiter du beau temps froid typique de la ville \u00e0 la plus haute altitude d&rsquo;Italie, enfin, vous pouvez la t\u00eate pour un voyage en plusieurs \u00e9tapes sur le chemin qui m\u00e8ne au c\u0153ur du <strong>Langhe<\/strong> unissant ainsi le sport\u00a0et de la nourriture et le vin qui rend la r\u00e9gion un des plus c\u00e9l\u00e8bres dans le monde.<\/p>\n<p style=\"text-align: justify;\">Donc, si vous aimez la randonn\u00e9e, la marche nordique et les sports de plein air, la nature et la proximit\u00e9 des villages de saveurs traditionnelles, ce qui rend l&rsquo;H\u00f4tel Barrage une des destinations \u00e0 manquer.<\/p>\n<div class=\"room-item-wrapper type-modern\" style=\"margin-bottom: 20px;\">\n<div class=\"room-item-holder\">\n<div class=\"clear\"><\/div>\n<div class=\"six columns\">\n<div class=\"gdlr-item gdlr-room-item gdlr-modern-room\">\n<div class=\"gdlr-ux gdlr-modern-room-ux\">\n<div class=\"gdlr-room-thumbnail\"><a href=\"http:\/\/www.hotelbarrage.it\/proposte\/biketrekking\/\"><img decoding=\"async\" loading=\"lazy\" src=\"\/wp-content\/uploads\/2016\/11\/Progetto-senza-titolo.png\" alt=\"SPORT-E-AVVENTURA\" width=\"400\" height=\"300\" \/><\/a><\/div>\n<h3 class=\"gdlr-room-title\">N\u00d4TRE SERVICE<\/h3>\n<p class=\"gdlr-room-title\">Plus d&rsquo;info<i class=\"fa fa-long-arrow-right icon-long-arrow-right\"><\/i><\/p>\n<\/div>\n<\/div>\n<\/div>\n<div class=\"six columns\">\n<div class=\"gdlr-item gdlr-room-item gdlr-modern-room\">\n<div class=\"gdlr-ux gdlr-modern-room-ux\">\n<div class=\"gdlr-room-thumbnail\"><a href=\"http:\/\/www.hotelbarrage.it\/proposte\/emozioni-ed-eventi\/\" data-rel=\"fancybox\"><img decoding=\"async\" loading=\"lazy\" class=\"\" src=\"\/wp-content\/uploads\/2016\/11\/Vivi-lavventura.png\" alt=\"romance_480\" width=\"400\" height=\"300\" \/><\/a><\/div>\n<h3 class=\"gdlr-room-title\">N\u00d4TRE\u00a0OFFRES<\/h3>\n<p>Plus d&rsquo;info<i class=\"fa fa-long-arrow-right icon-long-arrow-right\"><\/i><\/p>\n<div class=\"gdlr-shortcode-wrapper\">\n<div class=\"clear\"><\/div>\n<div class=\"gdlr-item gdlr-divider-item\"  >\n<div class=\"gdlr-divider solid\"  style=\"width: 50%;\" ><\/div>\n<\/div>\n<\/div>\n<p><span style=\"color: #000000;\">Retour \u00e0\u00a0\u00a0<\/span><span style=\"text-decoration: underline; color: #ff6600;\"><strong><a style=\"color: #ff6600; text-decoration: underline;\" href=\"http:\/\/www.hotelbarrage.it\/\">Home Page<\/a><\/strong><\/span><\/p>\n<\/div>\n<\/div>\n<\/div>\n<\/div>\n<\/div>\n","protected":false},"excerpt":{"rendered":"<p>&nbsp; Si vous pr\u00e9voyez des vacances \u00e0 la campagne avec une vue imprenable, grande cuisine et le vin, l&rsquo;histoire, la culture et les activit\u00e9s de plein air, la destination id\u00e9ale pour vous est Pinerolo, municipalit\u00e9 de la province de Turin \u00e0 la fin du Moyen Age. Pinerolo est un centre fabuleux pour les activit\u00e9s de&#8230; <\/p>\n<div class=\"clear\"><\/div>\n<p><a href=\"https:\/\/www.hotelbarrage.it\/fr\/barrage-bike-hotel\" class=\"excerpt-read-more\">Continue Reading<i class=\"fa fa-long-arrow-right icon-long-arrow-right\"><\/i><\/a><\/p>\n","protected":false},"author":9,"featured_media":0,"parent":0,"menu_order":0,"comment_status":"closed","ping_status":"closed","template":"","meta":[],"_links":{"self":[{"href":"https:\/\/www.hotelbarrage.it\/fr\/wp-json\/wp\/v2\/pages\/10267"}],"collection":[{"href":"https:\/\/www.hotelbarrage.it\/fr\/wp-json\/wp\/v2\/pages"}],"about":[{"href":"https:\/\/www.hotelbarrage.it\/fr\/wp-json\/wp\/v2\/types\/page"}],"author":[{"embeddable":true,"href":"https:\/\/www.hotelbarrage.it\/fr\/wp-json\/wp\/v2\/users\/9"}],"replies":[{"embeddable":true,"href":"https:\/\/www.hotelbarrage.it\/fr\/wp-json\/wp\/v2\/comments?post=10267"}],"version-history":[{"count":4,"href":"https:\/\/www.hotelbarrage.it\/fr\/wp-json\/wp\/v2\/pages\/10267\/revisions"}],"predecessor-version":[{"id":11176,"href":"https:\/\/www.hotelbarrage.it\/fr\/wp-json\/wp\/v2\/pages\/10267\/revisions\/11176"}],"wp:attachment":[{"href":"https:\/\/www.hotelbarrage.it\/fr\/wp-json\/wp\/v2\/media?parent=10267"}],"curies":[{"name":"wp","href":"https:\/\/api.w.org\/{rel}","templated":true}]}}