{"id":11198,"date":"2016-06-09T17:14:54","date_gmt":"2016-06-09T15:14:54","guid":{"rendered":"\/?page_id=11198"},"modified":"2017-07-10T15:24:51","modified_gmt":"2017-07-10T13:24:51","slug":"garden","status":"publish","type":"page","link":"https:\/\/www.hotelbarrage.it\/fr\/garden","title":{"rendered":"Garden"},"content":{"rendered":"<p>[rev_slider Dehor]<\/p>\n<h5 style=\"text-align: center;\"><span style=\"color: #ff6600;\">Notre espace ext\u00e9rieur: un havre de paix<\/span><\/h5>\n<p style=\"text-align: justify;\">L&rsquo;espace ext\u00e9rieur de l&rsquo;H\u00f4tel Barrage est certaimement l&rsquo;un des zone\u00a0que les clients aiment le plus. Un grand jardin avec vue sur le <strong>Monviso<\/strong>, silencieux mais\u00a0si proche du centre de <strong>Pinerolo<\/strong>.<\/p>\n<p style=\"text-align: justify;\">Un service de <strong>location de v\u00e9los<\/strong> \u00e0 la r\u00e9ception vous donnera la possibilit\u00e9 de laisser la voiture gar\u00e9e et facilement rejoindre le centre en quelques minutes, ou tout simplement explorer les environs gr\u00e2ce \u00e0 ses nombreux sentiers et pistes cyclables.<\/p>\n<p style=\"text-align: justify;\">Une oasis de paix, joliment meubl\u00e9e avec <strong>gazebo et salons en osier<\/strong>. En \u00e9t\u00e9, le jardin est ensoleill\u00e9 jusqu&rsquo;\u00e0 la fin de l&rsquo;apr\u00e8s-midi, et permet \u00e0 les amoureux de la nature de profiter d&rsquo;un bon livre dans le cr\u00e9puscule, tandis que les amateurs de bronzage peuvent bronzer dans le solarium en profitant des transats disponibles.<\/p>\n<p style=\"text-align: justify;\">L&rsquo;espace ext\u00e9rieur \u00e9l\u00e9gant et spacieux avec ses tables et chaises en fer forg\u00e9, \u00e0 l&rsquo;abri du soleil par de grands parasols blancs, est parfait pour se rafra\u00eechir dans la soir\u00e9e avec un cocktail, \u00e9gay\u00e9 par la musique de fond et b\u00e9n\u00e9ficiant d&rsquo;une vue \u00e0 couper le souffle.<\/p>\n<p><strong>Le jardin est id\u00e9al pour les f\u00eates, \u00e9v\u00e9nements, c\u00e9r\u00e9monies, ap\u00e9ritifs, d\u00eeners d&rsquo;affaires.<\/strong><\/p>\n<p style=\"text-align: justify;\">Nous d\u00e9dions un service exclusif et une \u00e9quipe sp\u00e9cialis\u00e9e dans les mariages, dans un cadre id\u00e9al pour les photos des jeunes mari\u00e9s!<\/p>\n<p><strong>Si vous souhaitez organiser votre \u00e9v\u00e9nement dans notre beau jardin ne h\u00e9sitez pas \u00e0 nous contacter.<\/strong><\/p>\n<p>E-mail:\u00a0<strong><a href=\"mailto:info@hotelbarrage.it\">info@hotelbarrage.it<\/a><\/strong><\/p>\n<p>T\u00e9l\u00e9phone:\u00a0<strong>+<\/strong> <strong>39<\/strong> <strong>0121 040500<\/strong><\/p>\n<p>ou en remplissant notre <strong><span style=\"color: #ff6600;\"><a style=\"color: #ff6600;\" href=\"http:\/\/www.hotelbarrage.it\/fr\/contatti-2\">formulaire de contact<\/a><\/span><\/strong><\/p>\n<p>Voulez-vous voir plus de photos? Suivez-nous sur<span style=\"color: #ff6600;\"><strong>\u00a0<a style=\"color: #ff6600;\" href=\"https:\/\/www.instagram.com\/hotelbarrage\/\" target=\"_blank\" rel=\"noopener noreferrer\">Instagram<\/a><\/strong><\/span>!<\/p>\n<div class=\"clear\"><\/div>\n<div class=\"gdlr-space\" style=\"margin-top: 60px;\"><\/div>\n<p>&nbsp;<\/p>\n","protected":false},"excerpt":{"rendered":"<p>[rev_slider Dehor] Notre espace ext\u00e9rieur: un havre de paix L&rsquo;espace ext\u00e9rieur de l&rsquo;H\u00f4tel Barrage est certaimement l&rsquo;un des zone\u00a0que les clients aiment le plus. Un grand jardin avec vue sur le Monviso, silencieux mais\u00a0si proche du centre de Pinerolo. Un service de location de v\u00e9los \u00e0 la r\u00e9ception vous donnera la possibilit\u00e9 de laisser la&#8230; <\/p>\n<div class=\"clear\"><\/div>\n<p><a href=\"https:\/\/www.hotelbarrage.it\/fr\/garden\" class=\"excerpt-read-more\">Continue Reading<i class=\"fa fa-long-arrow-right icon-long-arrow-right\"><\/i><\/a><\/p>\n","protected":false},"author":9,"featured_media":0,"parent":0,"menu_order":0,"comment_status":"closed","ping_status":"closed","template":"","meta":[],"_links":{"self":[{"href":"https:\/\/www.hotelbarrage.it\/fr\/wp-json\/wp\/v2\/pages\/11198"}],"collection":[{"href":"https:\/\/www.hotelbarrage.it\/fr\/wp-json\/wp\/v2\/pages"}],"about":[{"href":"https:\/\/www.hotelbarrage.it\/fr\/wp-json\/wp\/v2\/types\/page"}],"author":[{"embeddable":true,"href":"https:\/\/www.hotelbarrage.it\/fr\/wp-json\/wp\/v2\/users\/9"}],"replies":[{"embeddable":true,"href":"https:\/\/www.hotelbarrage.it\/fr\/wp-json\/wp\/v2\/comments?post=11198"}],"version-history":[{"count":1,"href":"https:\/\/www.hotelbarrage.it\/fr\/wp-json\/wp\/v2\/pages\/11198\/revisions"}],"predecessor-version":[{"id":11199,"href":"https:\/\/www.hotelbarrage.it\/fr\/wp-json\/wp\/v2\/pages\/11198\/revisions\/11199"}],"wp:attachment":[{"href":"https:\/\/www.hotelbarrage.it\/fr\/wp-json\/wp\/v2\/media?parent=11198"}],"curies":[{"name":"wp","href":"https:\/\/api.w.org\/{rel}","templated":true}]}}