{"id":4100,"date":"2014-03-13T09:27:11","date_gmt":"2014-03-13T08:27:11","guid":{"rendered":"http:\/\/dev.hotelbarrage.it\/?page_id=4100"},"modified":"2015-08-11T12:27:12","modified_gmt":"2015-08-11T10:27:12","slug":"restaurant","status":"publish","type":"page","link":"https:\/\/www.hotelbarrage.it\/fr\/restauration\/restaurant","title":{"rendered":"Restaurant \u201cLe Siepi\u201d"},"content":{"rendered":"<p>Les services de restauration et de coffee break sont garantis par le <strong>restaurant interne Le Siepi<\/strong> g\u00e9r\u00e9 par le <strong>chef Antonino Ciliberti<\/strong>.<br \/>\nNos h\u00f4tes disposent d&rsquo;une <strong>carte raffin\u00e9e<\/strong> et ils accompagneront leur choix d&rsquo;une <strong>d\u00e9gustation de vins de notre cave.<\/strong><br \/>\nLe restaurant dispose d&rsquo;une <strong>Cigar Room<\/strong>, une petite salle d\u00e9di\u00e9e \u00e0 ceux qui souhaitent fumer un cigare ou simplement une cigarette entre deux plats. On y organise \u00e9galement des <strong>d\u00eeners confidentiels de travail<\/strong> ou des moments intimes et de petites f\u00eates.<br \/>\nEn \u00e9t\u00e9, pour profiter du climat favorable, on inaugure un<strong> accueillant dehors<\/strong> pour d\u00eener en plein air en t\u00eate-\u00e0-t\u00eate, avec des amis ou des coll\u00e8gues de travail.<br \/>\nLe restaurant est <strong> ouvert tous les jours de 12h \u00e0 13h30 et de 19h30 \u00e0 22h15<\/strong><\/p>\n<p>&nbsp;<\/p>\n<p><a href=\"http:\/\/www.hotelbarrage.it\/fr\/restauration\">Retour \u00e0 Restauration<\/a><\/p>\n","protected":false},"excerpt":{"rendered":"<p>Les services de restauration et de coffee break sont garantis par le restaurant interne Le Siepi g\u00e9r\u00e9 par le chef Antonino Ciliberti. Nos h\u00f4tes disposent d&rsquo;une carte raffin\u00e9e et ils accompagneront leur choix d&rsquo;une d\u00e9gustation de vins de notre cave. Le restaurant dispose d&rsquo;une Cigar Room, une petite salle d\u00e9di\u00e9e \u00e0 ceux qui souhaitent fumer&#8230; <\/p>\n<div class=\"clear\"><\/div>\n<p><a href=\"https:\/\/www.hotelbarrage.it\/fr\/restauration\/restaurant\" class=\"excerpt-read-more\">Continue Reading<i class=\"fa fa-long-arrow-right icon-long-arrow-right\"><\/i><\/a><\/p>\n","protected":false},"author":9,"featured_media":4102,"parent":5935,"menu_order":0,"comment_status":"open","ping_status":"closed","template":"","meta":[],"_links":{"self":[{"href":"https:\/\/www.hotelbarrage.it\/fr\/wp-json\/wp\/v2\/pages\/4100"}],"collection":[{"href":"https:\/\/www.hotelbarrage.it\/fr\/wp-json\/wp\/v2\/pages"}],"about":[{"href":"https:\/\/www.hotelbarrage.it\/fr\/wp-json\/wp\/v2\/types\/page"}],"author":[{"embeddable":true,"href":"https:\/\/www.hotelbarrage.it\/fr\/wp-json\/wp\/v2\/users\/9"}],"replies":[{"embeddable":true,"href":"https:\/\/www.hotelbarrage.it\/fr\/wp-json\/wp\/v2\/comments?post=4100"}],"version-history":[{"count":7,"href":"https:\/\/www.hotelbarrage.it\/fr\/wp-json\/wp\/v2\/pages\/4100\/revisions"}],"predecessor-version":[{"id":6010,"href":"https:\/\/www.hotelbarrage.it\/fr\/wp-json\/wp\/v2\/pages\/4100\/revisions\/6010"}],"up":[{"embeddable":true,"href":"https:\/\/www.hotelbarrage.it\/fr\/wp-json\/wp\/v2\/pages\/5935"}],"wp:featuredmedia":[{"embeddable":true,"href":"https:\/\/www.hotelbarrage.it\/fr\/wp-json\/wp\/v2\/media\/4102"}],"wp:attachment":[{"href":"https:\/\/www.hotelbarrage.it\/fr\/wp-json\/wp\/v2\/media?parent=4100"}],"curies":[{"name":"wp","href":"https:\/\/api.w.org\/{rel}","templated":true}]}}