{"id":4105,"date":"2014-04-08T10:05:03","date_gmt":"2014-04-08T08:05:03","guid":{"rendered":"http:\/\/dev.hotelbarrage.it\/?page_id=4105"},"modified":"2017-08-09T17:14:04","modified_gmt":"2017-08-09T15:14:04","slug":"la-colazione","status":"publish","type":"page","link":"https:\/\/www.hotelbarrage.it\/fr\/restauration\/la-colazione","title":{"rendered":"Le petit-d\u00e9jeuner"},"content":{"rendered":"<p style=\"text-align: justify;\">L\u2019<strong>H\u00f4tel Barrage<\/strong>\u00a0vous accueille en leur offrant un<strong> buffet copieux<\/strong> au petit d\u00e9jeuner.\u00a0Caract\u00e9ris\u00e9 par des <strong>sp\u00e9cialit\u00e9s et des produits typiques provenant directement des producteurs locaux<\/strong>, il est en mesure de satisfaire les clients les plus exigeants ainsi qu&rsquo;une client\u00e8le internationale.<\/p>\n<p>Notre proposition comprend \u00e9galement des<strong> g\u00e2teaux faits maison, du pain toujours frais et un coin pour les c\u0153liaques<\/strong>.<\/p>\n<p>Le petit d\u00e9jeuner est servi dans la Breakfast Room <strong>de 7h \u00e0 10h<\/strong>, mais nous avons pr\u00e9vu le <strong>service en chambre<\/strong> si vous souhaitez \u00eatre servi au petit jour.<\/p>\n<div class=\"gdlr-shortcode-wrapper\">\n<div class=\"clear\"><\/div>\n<div class=\"gdlr-item gdlr-divider-item\"  >\n<div class=\"gdlr-divider solid\"  style=\"width: 50%;\" ><\/div>\n<\/div>\n<\/div>\n<h4><span lang=\"FR\" style=\"color: #ff6600;\">Le Buffet Breakfast pr\u00e9voit :<\/span><\/h4>\n<h4><span style=\"line-height: 1.5;\"><\/p>\n<div class=\"gdlr-shortcode-wrapper gdlr-row-shortcode\"><\/span><\/h4>\n<div class=\"six columns\">\n<div class=\"gdlr-item gdlr-column-shortcode\">\n<ul>\n<li>Une s\u00e9lection de charcuterie locale<\/li>\n<li>Un assortiment de fromages<\/li>\n<li>Des \u0153ufs brouill\u00e9s<\/li>\n<\/ul>\n<ul>\n<li>Des fruits frais de saison<\/li>\n<li>Des fruits au sirop<\/li>\n<\/ul>\n<ul>\n<li>Des croissants<\/li>\n<li>Des brioches et des muffins<\/li>\n<li>Des biscuits et des pi\u00e8ces de p\u00e2tisserie<\/li>\n<li>Des biscottes<\/li>\n<li>Un assortiment de c\u00e9r\u00e9ales<\/li>\n<li>Une s\u00e9lection de pains du boulanger<\/li>\n<li>Des produits sp\u00e9ciaux pour c\u0153liaques<\/li>\n<\/ul>\n<ul>\n<li>Des confitures<\/li>\n<li>De la Nutella<\/li>\n<li>Du miel<\/li>\n<\/ul>\n<\/div>\n<\/div>\n<div class=\"six columns\">\n<div class=\"gdlr-item gdlr-column-shortcode\">\n<ul>\n<li>Une s\u00e9lection de jus<\/li>\n<li>De l&rsquo;eau min\u00e9rale<\/li>\n<\/ul>\n<ul>\n<li>Des yaourts aux fruits<\/li>\n<li>Des yaourts nature<\/li>\n<li>Du lait frais<\/li>\n<li>Du lait de soja<\/li>\n<li>Du caf\u00e9 am\u00e9ricain<\/li>\n<\/ul>\n<ul>\n<li>Du caf\u00e9 expresso<\/li>\n<li>De l&rsquo;orge torr\u00e9fi\u00e9e<\/li>\n<li>Du caf\u00e9 au ginseng<\/li>\n<li>Du cappuccino<\/li>\n<li>Du chocolat<\/li>\n<li>Une s\u00e9lection de th\u00e9s<\/li>\n<\/ul>\n<\/div>\n<\/div>\n<div class=\"clear\"><\/div>\n<\/div>\n<p><a href=\"http:\/\/www.hotelbarrage.it\/fr\/restauration\">Retour \u00e0 Restauration<\/a><\/p>\n","protected":false},"excerpt":{"rendered":"<p>L\u2019H\u00f4tel Barrage\u00a0vous accueille en leur offrant un buffet copieux au petit d\u00e9jeuner.\u00a0Caract\u00e9ris\u00e9 par des sp\u00e9cialit\u00e9s et des produits typiques provenant directement des producteurs locaux, il est en mesure de satisfaire les clients les plus exigeants ainsi qu&rsquo;une client\u00e8le internationale. Notre proposition comprend \u00e9galement des g\u00e2teaux faits maison, du pain toujours frais et un coin pour&#8230; <\/p>\n<div class=\"clear\"><\/div>\n<p><a href=\"https:\/\/www.hotelbarrage.it\/fr\/restauration\/la-colazione\" class=\"excerpt-read-more\">Continue Reading<i class=\"fa fa-long-arrow-right icon-long-arrow-right\"><\/i><\/a><\/p>\n","protected":false},"author":9,"featured_media":2544,"parent":5935,"menu_order":0,"comment_status":"closed","ping_status":"open","template":"","meta":[],"_links":{"self":[{"href":"https:\/\/www.hotelbarrage.it\/fr\/wp-json\/wp\/v2\/pages\/4105"}],"collection":[{"href":"https:\/\/www.hotelbarrage.it\/fr\/wp-json\/wp\/v2\/pages"}],"about":[{"href":"https:\/\/www.hotelbarrage.it\/fr\/wp-json\/wp\/v2\/types\/page"}],"author":[{"embeddable":true,"href":"https:\/\/www.hotelbarrage.it\/fr\/wp-json\/wp\/v2\/users\/9"}],"replies":[{"embeddable":true,"href":"https:\/\/www.hotelbarrage.it\/fr\/wp-json\/wp\/v2\/comments?post=4105"}],"version-history":[{"count":10,"href":"https:\/\/www.hotelbarrage.it\/fr\/wp-json\/wp\/v2\/pages\/4105\/revisions"}],"predecessor-version":[{"id":11435,"href":"https:\/\/www.hotelbarrage.it\/fr\/wp-json\/wp\/v2\/pages\/4105\/revisions\/11435"}],"up":[{"embeddable":true,"href":"https:\/\/www.hotelbarrage.it\/fr\/wp-json\/wp\/v2\/pages\/5935"}],"wp:featuredmedia":[{"embeddable":true,"href":"https:\/\/www.hotelbarrage.it\/fr\/wp-json\/wp\/v2\/media\/2544"}],"wp:attachment":[{"href":"https:\/\/www.hotelbarrage.it\/fr\/wp-json\/wp\/v2\/media?parent=4105"}],"curies":[{"name":"wp","href":"https:\/\/api.w.org\/{rel}","templated":true}]}}