{"id":5691,"date":"2015-06-09T16:19:21","date_gmt":"2015-06-09T14:19:21","guid":{"rendered":"http:\/\/www.hotelbarrage.it\/?page_id=5691"},"modified":"2017-07-07T15:15:51","modified_gmt":"2017-07-07T13:15:51","slug":"zone-cinesie","status":"publish","type":"page","link":"https:\/\/www.hotelbarrage.it\/fr\/zone-cinesie","title":{"rendered":"Zone Cin\u00e9sie"},"content":{"rendered":"<p style=\"text-align: justify;\">La Direction de l&rsquo;H\u00f4tel Barrage pr\u00e9sente le <strong>nouveau concept de la zone fitness<\/strong>: la Zone Cin\u00e9sie. L&rsquo;attention que nous portons \u00e0 notre client\u00e8le et \u00e0 ses nouvelles exigences, nous a pouss\u00e9s \u00e0 revoir le concept de la zone fitness, en l&rsquo;adaptant \u00e0 la <strong>philosophie du bien \u201c\u00eatre\u201d<\/strong>.<\/p>\n<p style=\"text-align: justify;\">La <strong>\u201cZone Cin\u00e9sie\u201d<\/strong>, active et ouverte au public<strong> depuis le 20 avril 2015<\/strong>, suit la philosophie de l&rsquo;<strong><a href=\"http:\/\/www.accademiadelmovimento.it\/\">Acad\u00e9mie du Mouvement<\/a><\/strong>, qui na\u00eet de l&rsquo;exp\u00e9rience acquise dans le secteur des sciences motrices; elle se base sur le concept selon lequel le champ du mouvement ne doit pas \u00eatre st\u00e9r\u00e9otyp\u00e9, mais con\u00e7u et adapt\u00e9 \u00e0 chaque exigence:<\/p>\n<ul>\n<li>posture et r\u00e9\u00e9ducation fonctionnelle;<\/li>\n<li>amaigrissement (syndrome m\u00e9tabolique);<\/li>\n<li>entra\u00eenement fonctionnel;<\/li>\n<li>sport.<\/li>\n<\/ul>\n<p style=\"text-align: justify;\">Le choix de l&rsquo;activit\u00e9 physique \u00e0 exercer d\u00e9pend toujours des besoins de chacun. Il est fondamental d&rsquo;\u00eatre en mesure de ma\u00eetriser notre corps en toute conscience. Les bienfaits induits par le <strong>mouvement conscient<\/strong>\u00a0se traduisent<strong> au niveau physique<\/strong> (meilleur contr\u00f4le des activit\u00e9s quotidiennes, meilleure ex\u00e9cution des gestes sportifs) et <strong>psychologique<\/strong> (am\u00e9lioration de l&rsquo;humeur et harmonie am\u00e9lior\u00e9e avec soi-m\u00eame).<\/p>\n<p style=\"text-align: justify;\">Nos services sont con\u00e7us pour la client\u00e8le interne, business et internationale mais aussi pour la client\u00e8le externe.<\/p>\n<p style=\"text-align: justify;\">\u00c0 l&rsquo;occasion des stages et des rendez-vous organis\u00e9s par l&rsquo;Acad\u00e9mie du Mouvement, notre Chef a imagin\u00e9 des menus l\u00e9gers et v\u00e9g\u00e9tariens ainsi que des buffets rapides.<\/p>\n","protected":false},"excerpt":{"rendered":"<p>La Direction de l&rsquo;H\u00f4tel Barrage pr\u00e9sente le nouveau concept de la zone fitness: la Zone Cin\u00e9sie. L&rsquo;attention que nous portons \u00e0 notre client\u00e8le et \u00e0 ses nouvelles exigences, nous a pouss\u00e9s \u00e0 revoir le concept de la zone fitness, en l&rsquo;adaptant \u00e0 la philosophie du bien \u201c\u00eatre\u201d. La \u201cZone Cin\u00e9sie\u201d, active et ouverte au public&#8230; <\/p>\n<div class=\"clear\"><\/div>\n<p><a href=\"https:\/\/www.hotelbarrage.it\/fr\/zone-cinesie\" class=\"excerpt-read-more\">Continue Reading<i class=\"fa fa-long-arrow-right icon-long-arrow-right\"><\/i><\/a><\/p>\n","protected":false},"author":9,"featured_media":0,"parent":0,"menu_order":0,"comment_status":"closed","ping_status":"open","template":"","meta":[],"_links":{"self":[{"href":"https:\/\/www.hotelbarrage.it\/fr\/wp-json\/wp\/v2\/pages\/5691"}],"collection":[{"href":"https:\/\/www.hotelbarrage.it\/fr\/wp-json\/wp\/v2\/pages"}],"about":[{"href":"https:\/\/www.hotelbarrage.it\/fr\/wp-json\/wp\/v2\/types\/page"}],"author":[{"embeddable":true,"href":"https:\/\/www.hotelbarrage.it\/fr\/wp-json\/wp\/v2\/users\/9"}],"replies":[{"embeddable":true,"href":"https:\/\/www.hotelbarrage.it\/fr\/wp-json\/wp\/v2\/comments?post=5691"}],"version-history":[{"count":8,"href":"https:\/\/www.hotelbarrage.it\/fr\/wp-json\/wp\/v2\/pages\/5691\/revisions"}],"predecessor-version":[{"id":11171,"href":"https:\/\/www.hotelbarrage.it\/fr\/wp-json\/wp\/v2\/pages\/5691\/revisions\/11171"}],"wp:attachment":[{"href":"https:\/\/www.hotelbarrage.it\/fr\/wp-json\/wp\/v2\/media?parent=5691"}],"curies":[{"name":"wp","href":"https:\/\/api.w.org\/{rel}","templated":true}]}}