{"id":5712,"date":"2015-06-08T12:14:05","date_gmt":"2015-06-08T10:14:05","guid":{"rendered":"http:\/\/www.hotelbarrage.it\/?page_id=5712"},"modified":"2019-03-07T12:54:34","modified_gmt":"2019-03-07T11:54:34","slug":"chambres-classic","status":"publish","type":"page","link":"https:\/\/www.hotelbarrage.it\/fr\/camere-suite\/chambres-classic","title":{"rendered":"Chambres Classic"},"content":{"rendered":"<p>Les chambres <strong>Classic<\/strong> sont d\u00e9cor\u00e9es dans un style chaud et contemporain.<\/p>\n<p style=\"text-align: justify;\">Toutes les chambres sont \u00e9quip\u00e9es d&rsquo;un dispositif de contr\u00f4le manuel de la <strong>climatisation<\/strong> et du chauffage, <strong>de SKY t\u00e9l\u00e9vision HD<\/strong>, du t\u00e9l\u00e9phone avec une ligne interne, d&rsquo;une prise modem pour la connexion Internet, d&rsquo;un syst\u00e8me Wifi.<\/p>\n<p>Service de petit d\u00e9jeuner-buffet servi dans la breakfast room de 7h \u00e0 10h.<\/p>\n<div class=\"gdlr-shortcode-wrapper\">\n<div class=\"clear\"><\/div>\n<div class=\"gdlr-item gdlr-divider-item\"  >\n<div class=\"gdlr-divider solid\"  style=\"width: 80%;\" ><\/div>\n<\/div>\n<\/div>\n<h4>\u00c9quipement Classic :<\/h4>\n<ul class=\"allestimento\">\n<li class=\"aria\">Climatisation\/chauffage<\/li>\n<li class=\"tvsat\">T\u00e9l\u00e9vision par satellite<\/li>\n<li class=\"telefono\">T\u00e9l\u00e9phone avec ligne interne<\/li>\n<li class=\"wifi\">Syst\u00e8me Wifi<\/li>\n<li class=\"modem\">Prise modem pour connexion Internet<\/li>\n<li class=\"phon\">S\u00e8che-cheveux<\/li>\n<li class=\"accappatoio\">\u201cAcqua Barocca linea Essenzialmente Pura\u201d<\/li>\n<\/ul>\n<p><a href=\"http:\/\/www.hotelbarrage.it\/fr\/camere-suite\">Retour \u00e0 Chambres et suites<\/a><\/p>\n","protected":false},"excerpt":{"rendered":"<p>Les chambres Classic sont d\u00e9cor\u00e9es dans un style chaud et contemporain. Toutes les chambres sont \u00e9quip\u00e9es d&rsquo;un dispositif de contr\u00f4le manuel de la climatisation et du chauffage, de SKY t\u00e9l\u00e9vision HD, du t\u00e9l\u00e9phone avec une ligne interne, d&rsquo;une prise modem pour la connexion Internet, d&rsquo;un syst\u00e8me Wifi. Service de petit d\u00e9jeuner-buffet servi dans la breakfast&#8230; <\/p>\n<div class=\"clear\"><\/div>\n<p><a href=\"https:\/\/www.hotelbarrage.it\/fr\/camere-suite\/chambres-classic\" class=\"excerpt-read-more\">Continue Reading<i class=\"fa fa-long-arrow-right icon-long-arrow-right\"><\/i><\/a><\/p>\n","protected":false},"author":9,"featured_media":5721,"parent":5708,"menu_order":0,"comment_status":"closed","ping_status":"closed","template":"","meta":[],"_links":{"self":[{"href":"https:\/\/www.hotelbarrage.it\/fr\/wp-json\/wp\/v2\/pages\/5712"}],"collection":[{"href":"https:\/\/www.hotelbarrage.it\/fr\/wp-json\/wp\/v2\/pages"}],"about":[{"href":"https:\/\/www.hotelbarrage.it\/fr\/wp-json\/wp\/v2\/types\/page"}],"author":[{"embeddable":true,"href":"https:\/\/www.hotelbarrage.it\/fr\/wp-json\/wp\/v2\/users\/9"}],"replies":[{"embeddable":true,"href":"https:\/\/www.hotelbarrage.it\/fr\/wp-json\/wp\/v2\/comments?post=5712"}],"version-history":[{"count":10,"href":"https:\/\/www.hotelbarrage.it\/fr\/wp-json\/wp\/v2\/pages\/5712\/revisions"}],"predecessor-version":[{"id":12160,"href":"https:\/\/www.hotelbarrage.it\/fr\/wp-json\/wp\/v2\/pages\/5712\/revisions\/12160"}],"up":[{"embeddable":true,"href":"https:\/\/www.hotelbarrage.it\/fr\/wp-json\/wp\/v2\/pages\/5708"}],"wp:featuredmedia":[{"embeddable":true,"href":"https:\/\/www.hotelbarrage.it\/fr\/wp-json\/wp\/v2\/media\/5721"}],"wp:attachment":[{"href":"https:\/\/www.hotelbarrage.it\/fr\/wp-json\/wp\/v2\/media?parent=5712"}],"curies":[{"name":"wp","href":"https:\/\/api.w.org\/{rel}","templated":true}]}}