{"id":5755,"date":"2015-06-09T11:56:12","date_gmt":"2015-06-09T09:56:12","guid":{"rendered":"http:\/\/www.hotelbarrage.it\/?page_id=5755"},"modified":"2019-03-21T12:59:44","modified_gmt":"2019-03-21T11:59:44","slug":"junior-suites","status":"publish","type":"page","link":"https:\/\/www.hotelbarrage.it\/fr\/camere-suite\/junior-suites","title":{"rendered":"Junior Suites"},"content":{"rendered":"<p>&nbsp;<\/p>\n<p><em><strong>Des espaces pr\u00e9cieux pour les clients les plus exigeants<\/strong><\/em><\/p>\n<p>Les <strong>junior suites<\/strong> sont finement d\u00e9cor\u00e9es avec un coin bar d\u00e9di\u00e9 et un petit salon ; quelques-unes sont \u00e9quip\u00e9es d&rsquo;un canap\u00e9-lit pour pouvoir accueillir des familles dans le plus grand confort tout en respectant leur intimit\u00e9.<\/p>\n<p style=\"text-align: justify;\">Toutes les junior suites sont \u00e9quip\u00e9es d&rsquo;un dispositif de contr\u00f4le manuel de la <strong>climatisation<\/strong> et du chauffage, <strong>de la t\u00e9l\u00e9vision par satellite<\/strong>, du t\u00e9l\u00e9phone avec une ligne interne, d&rsquo;une prise modem pour la connexion Internet, d&rsquo;un syst\u00e8me Wifi, du service Internet.<\/p>\n<p>Service de petit d\u00e9jeuner-buffet servi dans la breakfast room de 7h \u00e0 10h.<\/p>\n<div class=\"gdlr-shortcode-wrapper\">\n<div class=\"clear\"><\/div>\n<div class=\"gdlr-item gdlr-divider-item\"  >\n<div class=\"gdlr-divider solid\"  style=\"width: 80%;\" ><\/div>\n<\/div>\n<\/div>\n<h4>\u00c9quipement Junior Suites<\/h4>\n<ul class=\"allestimento\">\n<li class=\"aria\">climatisation\/chauffage<\/li>\n<li class=\"tvsat\">t\u00e9l\u00e9vision par satellite<\/li>\n<li class=\"telefono\">t\u00e9l\u00e9phone avec ligne interne<\/li>\n<li class=\"wifi\">syst\u00e8me Wifi<\/li>\n<li class=\"modem\">prise modem pour connexion Internet<\/li>\n<li class=\"phon\">s\u00e8che-cheveux<\/li>\n<li class=\"accappatoio\">pantoufles et peignoirs<\/li>\n<\/ul>\n<p><a href=\"http:\/\/www.hotelbarrage.it\/fr\/camere-suite\">Retour \u00e0 Chambres et suites<\/a><\/p>\n","protected":false},"excerpt":{"rendered":"<p>&nbsp; Des espaces pr\u00e9cieux pour les clients les plus exigeants Les junior suites sont finement d\u00e9cor\u00e9es avec un coin bar d\u00e9di\u00e9 et un petit salon ; quelques-unes sont \u00e9quip\u00e9es d&rsquo;un canap\u00e9-lit pour pouvoir accueillir des familles dans le plus grand confort tout en respectant leur intimit\u00e9. Toutes les junior suites sont \u00e9quip\u00e9es d&rsquo;un dispositif de&#8230; <\/p>\n<div class=\"clear\"><\/div>\n<p><a href=\"https:\/\/www.hotelbarrage.it\/fr\/camere-suite\/junior-suites\" class=\"excerpt-read-more\">Continue Reading<i class=\"fa fa-long-arrow-right icon-long-arrow-right\"><\/i><\/a><\/p>\n","protected":false},"author":9,"featured_media":5757,"parent":5708,"menu_order":0,"comment_status":"closed","ping_status":"open","template":"","meta":[],"_links":{"self":[{"href":"https:\/\/www.hotelbarrage.it\/fr\/wp-json\/wp\/v2\/pages\/5755"}],"collection":[{"href":"https:\/\/www.hotelbarrage.it\/fr\/wp-json\/wp\/v2\/pages"}],"about":[{"href":"https:\/\/www.hotelbarrage.it\/fr\/wp-json\/wp\/v2\/types\/page"}],"author":[{"embeddable":true,"href":"https:\/\/www.hotelbarrage.it\/fr\/wp-json\/wp\/v2\/users\/9"}],"replies":[{"embeddable":true,"href":"https:\/\/www.hotelbarrage.it\/fr\/wp-json\/wp\/v2\/comments?post=5755"}],"version-history":[{"count":10,"href":"https:\/\/www.hotelbarrage.it\/fr\/wp-json\/wp\/v2\/pages\/5755\/revisions"}],"predecessor-version":[{"id":12211,"href":"https:\/\/www.hotelbarrage.it\/fr\/wp-json\/wp\/v2\/pages\/5755\/revisions\/12211"}],"up":[{"embeddable":true,"href":"https:\/\/www.hotelbarrage.it\/fr\/wp-json\/wp\/v2\/pages\/5708"}],"wp:featuredmedia":[{"embeddable":true,"href":"https:\/\/www.hotelbarrage.it\/fr\/wp-json\/wp\/v2\/media\/5757"}],"wp:attachment":[{"href":"https:\/\/www.hotelbarrage.it\/fr\/wp-json\/wp\/v2\/media?parent=5755"}],"curies":[{"name":"wp","href":"https:\/\/api.w.org\/{rel}","templated":true}]}}