{"id":5761,"date":"2015-06-09T12:03:07","date_gmt":"2015-06-09T10:03:07","guid":{"rendered":"http:\/\/www.hotelbarrage.it\/?page_id=5761"},"modified":"2018-01-26T11:33:26","modified_gmt":"2018-01-26T10:33:26","slug":"suites","status":"publish","type":"page","link":"https:\/\/www.hotelbarrage.it\/fr\/camere-suite\/suites","title":{"rendered":"Suites"},"content":{"rendered":"<p><strong><em>De l&rsquo;espace et du confort pour les clients en qu\u00eate de style<\/em><\/strong><\/p>\n<p style=\"text-align: justify;\">Les <strong>grandes suites<\/strong> sont finement d\u00e9cor\u00e9es avec un salon \u00e9quip\u00e9 d&rsquo;un canap\u00e9-lit et un coin bar d\u00e9di\u00e9 ; on a pr\u00e9vu l&rsquo;usage exclusif dans la chambre d&rsquo;une machine \u00e0 caf\u00e9 de la marque Illy avec un choix de boissons chaudes offertes.<\/p>\n<p style=\"text-align: justify;\">Toutes les suites sont \u00e9quip\u00e9es d&rsquo;un dispositif de contr\u00f4le manuel de la climatisation et du chauffage, de la t\u00e9l\u00e9vision par satellite, du t\u00e9l\u00e9phone avec une ligne interne, d&rsquo;une prise modem pour la connexion Internet, d&rsquo;un syst\u00e8me Wifi, du service Internet.<\/p>\n<p style=\"text-align: justify;\">Les salles de bains sont \u00e9quip\u00e9es d&rsquo;une <strong>baignoire \u00e0 hydromassage<\/strong> ; les h\u00f4tes disposent d&rsquo;un s\u00e8che-cheveux et d&rsquo;une ligne de courtoisie d\u00e9di\u00e9e, de bougies d&rsquo;ambiance, de linge de toilette en coton, de pantoufles et de peignoirs.<\/p>\n<p>Sur demande, on am\u00e9nage un coin avec une bouilloire et, au choix, des th\u00e9s ou des tisanes.<\/p>\n<p>Service de petit d\u00e9jeuner-buffet<span lang=\"FR\">\u00a0servi dans la breakfast room de 7h \u00e0 10h.<\/span><\/p>\n<div class=\"gdlr-shortcode-wrapper\">\n<div class=\"clear\"><\/div>\n<div class=\"gdlr-item gdlr-divider-item\"  >\n<div class=\"gdlr-divider solid\"  style=\"width: 80%;\" ><\/div>\n<\/div>\n<\/div>\n<h4>\u00c9quipement Suites :<\/h4>\n<ul class=\"allestimento\">\n<li class=\"aria\">Climatisation\/chauffage<\/li>\n<li class=\"tvsat\">T\u00e9l\u00e9vision par satellite<\/li>\n<li class=\"telefono\">T\u00e9l\u00e9phone avec ligne interne<\/li>\n<li class=\"wifi\">Syst\u00e8me Wifi<\/li>\n<li class=\"modem\">Prise modem pour connexion Internet<\/li>\n<li class=\"phon\">S\u00e8che-cheveux<\/li>\n<li class=\"accappatoio\">pantoufles et peignoirs<\/li>\n<\/ul>\n<p><a href=\"http:\/\/www.hotelbarrage.it\/fr\/camere-suite\">Retour \u00e0 Chambres et suites<\/a><\/p>\n","protected":false},"excerpt":{"rendered":"<p>De l&rsquo;espace et du confort pour les clients en qu\u00eate de style Les grandes suites sont finement d\u00e9cor\u00e9es avec un salon \u00e9quip\u00e9 d&rsquo;un canap\u00e9-lit et un coin bar d\u00e9di\u00e9 ; on a pr\u00e9vu l&rsquo;usage exclusif dans la chambre d&rsquo;une machine \u00e0 caf\u00e9 de la marque Illy avec un choix de boissons chaudes offertes. Toutes les&#8230; <\/p>\n<div class=\"clear\"><\/div>\n<p><a href=\"https:\/\/www.hotelbarrage.it\/fr\/camere-suite\/suites\" class=\"excerpt-read-more\">Continue Reading<i class=\"fa fa-long-arrow-right icon-long-arrow-right\"><\/i><\/a><\/p>\n","protected":false},"author":9,"featured_media":4007,"parent":5708,"menu_order":0,"comment_status":"closed","ping_status":"closed","template":"","meta":[],"_links":{"self":[{"href":"https:\/\/www.hotelbarrage.it\/fr\/wp-json\/wp\/v2\/pages\/5761"}],"collection":[{"href":"https:\/\/www.hotelbarrage.it\/fr\/wp-json\/wp\/v2\/pages"}],"about":[{"href":"https:\/\/www.hotelbarrage.it\/fr\/wp-json\/wp\/v2\/types\/page"}],"author":[{"embeddable":true,"href":"https:\/\/www.hotelbarrage.it\/fr\/wp-json\/wp\/v2\/users\/9"}],"replies":[{"embeddable":true,"href":"https:\/\/www.hotelbarrage.it\/fr\/wp-json\/wp\/v2\/comments?post=5761"}],"version-history":[{"count":10,"href":"https:\/\/www.hotelbarrage.it\/fr\/wp-json\/wp\/v2\/pages\/5761\/revisions"}],"predecessor-version":[{"id":11888,"href":"https:\/\/www.hotelbarrage.it\/fr\/wp-json\/wp\/v2\/pages\/5761\/revisions\/11888"}],"up":[{"embeddable":true,"href":"https:\/\/www.hotelbarrage.it\/fr\/wp-json\/wp\/v2\/pages\/5708"}],"wp:featuredmedia":[{"embeddable":true,"href":"https:\/\/www.hotelbarrage.it\/fr\/wp-json\/wp\/v2\/media\/4007"}],"wp:attachment":[{"href":"https:\/\/www.hotelbarrage.it\/fr\/wp-json\/wp\/v2\/media?parent=5761"}],"curies":[{"name":"wp","href":"https:\/\/api.w.org\/{rel}","templated":true}]}}