{"id":5876,"date":"2015-06-09T12:47:58","date_gmt":"2015-06-09T10:47:58","guid":{"rendered":"http:\/\/www.hotelbarrage.it\/?page_id=5876"},"modified":"2020-09-28T11:04:11","modified_gmt":"2020-09-28T09:04:11","slug":"salle-monviso-2","status":"publish","type":"page","link":"https:\/\/www.hotelbarrage.it\/fr\/meetings\/salle-monviso-2","title":{"rendered":"Salle Monviso 2"},"content":{"rendered":"<p>Situ\u00e9e au premier \u00e9tage, la <strong>Salle Monviso 2<\/strong> jouit d&rsquo;un \u00e9clairage naturel et des rideaux permettent de l&rsquo;obscurcir pour les projections.<\/p>\n<div class=\"gdlr-shortcode-wrapper\">\n<div class=\"clear\"><\/div>\n<div class=\"gdlr-item gdlr-divider-item\"  >\n<div class=\"gdlr-divider solid\"  style=\"width: 80%;\" ><\/div>\n<\/div>\n<\/div>\n<div class=\"gdlr-shortcode-wrapper gdlr-row-shortcode\">\n<div class=\"six columns\">\n<div class=\"gdlr-item gdlr-column-shortcode\">\n<ul>\n<li style=\"list-style-type: none;\">\n<ul>\n<li style=\"list-style-type: none;\">\n<ul>\n<li>Projecteur \u00e0 cristaux liquides<\/li>\n<li>Syst\u00e8me d&rsquo;amplification avec des haut-parleurs<\/li>\n<li>Microphones radio<\/li>\n<li>\u00c9cran<\/li>\n<li>Tableau avec feuillets mobiles<\/li>\n<li>Syst\u00e8me Wifi<\/li>\n<\/ul>\n<\/li>\n<\/ul>\n<\/li>\n<\/ul>\n<\/div>\n<\/div>\n<div class=\"six columns\">\n<div class=\"gdlr-item gdlr-column-shortcode\">\n<p><img decoding=\"async\" loading=\"lazy\" class=\"alignnone wp-image-2607 size-full\" title=\"clicca per una immagine pi\u00f9 grande\" src=\"http:\/\/www.hotelbarrage.it\/wp-content\/uploads\/2014\/04\/SALA-MONVISO-1-e-2BW.jpg\" alt=\"\" width=\"244\" height=\"350\" srcset=\"\/wp-content\/uploads\/2014\/04\/SALA-MONVISO-1-e-2BW.jpg 244w, \/wp-content\/uploads\/2014\/04\/SALA-MONVISO-1-e-2BW-209x300.jpg 209w, \/wp-content\/uploads\/2014\/04\/SALA-MONVISO-1-e-2BW-118x170.jpg 118w\" sizes=\"(max-width: 244px) 100vw, 244px\" \/><\/p>\n<\/div>\n<\/div>\n<div class=\"clear\"><\/div>\n<\/div>\n<div class=\"gdlr-shortcode-wrapper\">\n<div class=\"clear\"><\/div>\n<div class=\"gdlr-item gdlr-divider-item\"  >\n<div class=\"gdlr-divider solid\"  style=\"width: 80%;\" ><\/div>\n<\/div>\n<\/div>\n<div class=\"gdlr-shortcode-wrapper gdlr-row-shortcode\">\n<div class=\"three columns\">\n<div class=\"gdlr-item gdlr-column-shortcode\">\n<p><img decoding=\"async\" loading=\"lazy\" class=\"pittogramma wp-image-2554\" src=\"http:\/\/www.hotelbarrage.it\/wp-content\/uploads\/2014\/04\/platea.jpg\" alt=\"platea\" width=\"80\" height=\"80\" \/><\/p>\n<p>Parterre :<br \/>\n35 places<\/p>\n<\/div>\n<\/div>\n<div class=\"three columns\">\n<div class=\"gdlr-item gdlr-column-shortcode\">\n<p><img decoding=\"async\" loading=\"lazy\" class=\"wp-image-2553\" src=\"http:\/\/www.hotelbarrage.it\/wp-content\/uploads\/2014\/04\/ferrodicavallo.jpg\" alt=\"ferro di cavallo\" width=\"80\" height=\"80\" \/><\/p>\n<p>Conf\u00e9rence :<br \/>\n15 places<\/p>\n<\/div>\n<\/div>\n<div class=\"three columns\">\n<div class=\"gdlr-item gdlr-column-shortcode\">\n<p><img decoding=\"async\" loading=\"lazy\" class=\"wp-image-2552\" src=\"http:\/\/www.hotelbarrage.it\/wp-content\/uploads\/2014\/04\/banchidiscuola.jpg\" alt=\"banchi di scuola\" width=\"80\" height=\"80\" \/><\/p>\n<p>Bancs d&rsquo;\u00e9cole :<br \/>\n20 places<\/p>\n<\/div>\n<\/div>\n<div class=\"three columns\">\n<div class=\"gdlr-item gdlr-column-shortcode\">\n<img decoding=\"async\" loading=\"lazy\" class=\"wp-image-2555\" src=\"http:\/\/www.hotelbarrage.it\/wp-content\/uploads\/2014\/04\/tavolirotondi.jpg\" alt=\"Tavoli cocktail\" width=\"80\" height=\"80\" \/><\/p>\n<p>Cocktail :<br \/>\n36 places<\/p>\n<\/div>\n<\/div>\n<div class=\"clear\"><\/div>\n<\/div>\n<p><a href=\"http:\/\/www.hotelbarrage.it\/fr\/meetings\">Retour \u00e0 Meeting<\/a><\/p>\n","protected":false},"excerpt":{"rendered":"<p>Situ\u00e9e au premier \u00e9tage, la Salle Monviso 2 jouit d&rsquo;un \u00e9clairage naturel et des rideaux permettent de l&rsquo;obscurcir pour les projections. Retour \u00e0 Meeting<\/p>\n","protected":false},"author":9,"featured_media":0,"parent":4036,"menu_order":0,"comment_status":"closed","ping_status":"open","template":"","meta":[],"_links":{"self":[{"href":"https:\/\/www.hotelbarrage.it\/fr\/wp-json\/wp\/v2\/pages\/5876"}],"collection":[{"href":"https:\/\/www.hotelbarrage.it\/fr\/wp-json\/wp\/v2\/pages"}],"about":[{"href":"https:\/\/www.hotelbarrage.it\/fr\/wp-json\/wp\/v2\/types\/page"}],"author":[{"embeddable":true,"href":"https:\/\/www.hotelbarrage.it\/fr\/wp-json\/wp\/v2\/users\/9"}],"replies":[{"embeddable":true,"href":"https:\/\/www.hotelbarrage.it\/fr\/wp-json\/wp\/v2\/comments?post=5876"}],"version-history":[{"count":7,"href":"https:\/\/www.hotelbarrage.it\/fr\/wp-json\/wp\/v2\/pages\/5876\/revisions"}],"predecessor-version":[{"id":13105,"href":"https:\/\/www.hotelbarrage.it\/fr\/wp-json\/wp\/v2\/pages\/5876\/revisions\/13105"}],"up":[{"embeddable":true,"href":"https:\/\/www.hotelbarrage.it\/fr\/wp-json\/wp\/v2\/pages\/4036"}],"wp:attachment":[{"href":"https:\/\/www.hotelbarrage.it\/fr\/wp-json\/wp\/v2\/media?parent=5876"}],"curies":[{"name":"wp","href":"https:\/\/api.w.org\/{rel}","templated":true}]}}