{"id":5887,"date":"2015-08-10T17:08:37","date_gmt":"2015-08-10T15:08:37","guid":{"rendered":"http:\/\/www.hotelbarrage.it\/?page_id=5887"},"modified":"2020-09-28T11:05:48","modified_gmt":"2020-09-28T09:05:48","slug":"salon-monviso","status":"publish","type":"page","link":"https:\/\/www.hotelbarrage.it\/fr\/meetings\/salon-monviso","title":{"rendered":"Salon Monviso"},"content":{"rendered":"<p>R\u00e9sultant de l&rsquo;union des Salles Monviso 1 et Monviso 2, le <strong>Salon Monviso<\/strong> dispose d&rsquo;un foyer r\u00e9serv\u00e9 \u00e9quip\u00e9 de petits salons et d&rsquo;un t\u00e9l\u00e9viseur au plasma, d&rsquo;une garde-robe et d&rsquo;un secr\u00e9tariat organisationnel.<\/p>\n<div class=\"gdlr-shortcode-wrapper\">\n<div class=\"clear\"><\/div>\n<div class=\"gdlr-item gdlr-divider-item\"  >\n<div class=\"gdlr-divider solid\"  style=\"width: 80%;\" ><\/div>\n<\/div>\n<\/div>\n<div class=\"gdlr-shortcode-wrapper gdlr-row-shortcode\">\n<div class=\"six columns\">\n<div class=\"gdlr-item gdlr-column-shortcode\">\n<ul>\n<li>Projecteur \u00e0 cristaux liquides<\/li>\n<li>Syst\u00e8me d&rsquo;amplification avec des haut-parleurs<\/li>\n<li>Microphones radio<\/li>\n<li>\u00c9cran<\/li>\n<li>Tableau avec feuillets mobiles<\/li>\n<li>Syst\u00e8me Wifi<\/li>\n<\/ul>\n<\/div>\n<\/div>\n<div class=\"six columns\">\n<div class=\"gdlr-item gdlr-column-shortcode\">\n<p><img decoding=\"async\" loading=\"lazy\" class=\"alignnone wp-image-2607 \" title=\"\" src=\"\/wp-content\/uploads\/2014\/04\/SALA-MONVISO-1-e-2BW.jpg\" alt=\"\" width=\"244\" height=\"350\" srcset=\"\/wp-content\/uploads\/2014\/04\/SALA-MONVISO-1-e-2BW.jpg 244w, \/wp-content\/uploads\/2014\/04\/SALA-MONVISO-1-e-2BW-209x300.jpg 209w, \/wp-content\/uploads\/2014\/04\/SALA-MONVISO-1-e-2BW-118x170.jpg 118w\" sizes=\"(max-width: 244px) 100vw, 244px\" \/><\/p>\n<\/div>\n<\/div>\n<div class=\"clear\"><\/div>\n<\/div>\n<div class=\"gdlr-shortcode-wrapper\">\n<div class=\"clear\"><\/div>\n<div class=\"gdlr-item gdlr-divider-item\"  >\n<div class=\"gdlr-divider solid\"  style=\"width: 80%;\" ><\/div>\n<\/div>\n<\/div>\n<div class=\"gdlr-shortcode-wrapper gdlr-row-shortcode\">\n<div class=\"three columns\">\n<div class=\"gdlr-item gdlr-column-shortcode\">\n<p><img decoding=\"async\" loading=\"lazy\" class=\"pittogramma wp-image-2554\" src=\"\/wp-content\/uploads\/2014\/04\/platea.jpg\" alt=\"platea\" width=\"80\" height=\"80\" \/><\/p>\n<p><span lang=\"FR\">Parterre :<br \/>\n180 places<\/span><\/p>\n<\/div>\n<\/div>\n<div class=\"three columns\">\n<div class=\"gdlr-item gdlr-column-shortcode\">\n<p><img decoding=\"async\" loading=\"lazy\" class=\"wp-image-2553\" src=\"\/wp-content\/uploads\/2014\/04\/ferrodicavallo.jpg\" alt=\"ferro di cavallo\" width=\"80\" height=\"80\" \/><\/p>\n<p><span lang=\"FR\">Conf\u00e9rence :<br \/>\n50 places<\/span><\/p>\n<\/div>\n<\/div>\n<div class=\"three columns\">\n<div class=\"gdlr-item gdlr-column-shortcode\">\n<p><img decoding=\"async\" loading=\"lazy\" class=\"wp-image-2552\" src=\"\/wp-content\/uploads\/2014\/04\/banchidiscuola.jpg\" alt=\"banchi di scuola\" width=\"80\" height=\"80\" \/><\/p>\n<p><span lang=\"FR\">Bancs d&rsquo;\u00e9cole :<br \/>\n60 places<\/span><\/p>\n<\/div>\n<\/div>\n<div class=\"three columns\">\n<div class=\"gdlr-item gdlr-column-shortcode\">\n<p><img decoding=\"async\" loading=\"lazy\" class=\"wp-image-2555\" src=\"\/wp-content\/uploads\/2014\/04\/tavolirotondi.jpg\" alt=\"Tavoli cocktail\" width=\"80\" height=\"80\" \/><\/p>\n<p><span lang=\"FR\">Cocktail :<span style=\"color: red;\"><br \/>\n<\/span>100 places<\/span><\/p>\n<\/div>\n<\/div>\n<div class=\"clear\"><\/div>\n<\/div>\n<p><a href=\"http:\/\/www.hotelbarrage.it\/fr\/meetings\">Retour \u00e0 Meeting<\/a><\/p>\n","protected":false},"excerpt":{"rendered":"<p>R\u00e9sultant de l&rsquo;union des Salles Monviso 1 et Monviso 2, le Salon Monviso dispose d&rsquo;un foyer r\u00e9serv\u00e9 \u00e9quip\u00e9 de petits salons et d&rsquo;un t\u00e9l\u00e9viseur au plasma, d&rsquo;une garde-robe et d&rsquo;un secr\u00e9tariat organisationnel. Retour \u00e0 Meeting<\/p>\n","protected":false},"author":9,"featured_media":0,"parent":4036,"menu_order":0,"comment_status":"closed","ping_status":"open","template":"","meta":[],"_links":{"self":[{"href":"https:\/\/www.hotelbarrage.it\/fr\/wp-json\/wp\/v2\/pages\/5887"}],"collection":[{"href":"https:\/\/www.hotelbarrage.it\/fr\/wp-json\/wp\/v2\/pages"}],"about":[{"href":"https:\/\/www.hotelbarrage.it\/fr\/wp-json\/wp\/v2\/types\/page"}],"author":[{"embeddable":true,"href":"https:\/\/www.hotelbarrage.it\/fr\/wp-json\/wp\/v2\/users\/9"}],"replies":[{"embeddable":true,"href":"https:\/\/www.hotelbarrage.it\/fr\/wp-json\/wp\/v2\/comments?post=5887"}],"version-history":[{"count":4,"href":"https:\/\/www.hotelbarrage.it\/fr\/wp-json\/wp\/v2\/pages\/5887\/revisions"}],"predecessor-version":[{"id":13109,"href":"https:\/\/www.hotelbarrage.it\/fr\/wp-json\/wp\/v2\/pages\/5887\/revisions\/13109"}],"up":[{"embeddable":true,"href":"https:\/\/www.hotelbarrage.it\/fr\/wp-json\/wp\/v2\/pages\/4036"}],"wp:attachment":[{"href":"https:\/\/www.hotelbarrage.it\/fr\/wp-json\/wp\/v2\/media?parent=5887"}],"curies":[{"name":"wp","href":"https:\/\/api.w.org\/{rel}","templated":true}]}}