{"id":5966,"date":"2015-06-11T18:23:21","date_gmt":"2015-06-11T16:23:21","guid":{"rendered":"http:\/\/www.hotelbarrage.it\/?page_id=5966"},"modified":"2017-08-09T17:22:01","modified_gmt":"2017-08-09T15:22:01","slug":"lounge-bar","status":"publish","type":"page","link":"https:\/\/www.hotelbarrage.it\/fr\/restauration\/lounge-bar","title":{"rendered":"Lounge bar"},"content":{"rendered":"<p style=\"text-align: justify;\">Le <strong>lounge bar<\/strong> se situe dans le cadre charmant du hall de l&rsquo;h\u00f4tel, entre des canap\u00e9s confortables, un espace lecture et une ancienne chemin\u00e9e pour des soir\u00e9es d&rsquo;hiver chaleureuses et accueillantes.<\/p>\n<p style=\"text-align: justify;\">En \u00e9t\u00e9, on peut d\u00e9guster des <strong>ap\u00e9ritifs fantaisie<\/strong> confortablement assis sous le gaz\u00e9bo de notre jardin, en profitant de la vue magnifique sur le Monviso.<\/p>\n<p style=\"text-align: justify;\"><strong>Le service de lounge bar est garanti 24 heures sur 24<\/strong> quelles que soient vos exigences, de la tisane ou de la fusion du soir au coffee break lors de rendez-vous de travail.<\/p>\n<p><a href=\"http:\/\/www.hotelbarrage.it\/fr\/restauration\">Retour \u00e0 Restauration<\/a><\/p>\n","protected":false},"excerpt":{"rendered":"<p>Le lounge bar se situe dans le cadre charmant du hall de l&rsquo;h\u00f4tel, entre des canap\u00e9s confortables, un espace lecture et une ancienne chemin\u00e9e pour des soir\u00e9es d&rsquo;hiver chaleureuses et accueillantes. En \u00e9t\u00e9, on peut d\u00e9guster des ap\u00e9ritifs fantaisie confortablement assis sous le gaz\u00e9bo de notre jardin, en profitant de la vue magnifique sur le&#8230; <\/p>\n<div class=\"clear\"><\/div>\n<p><a href=\"https:\/\/www.hotelbarrage.it\/fr\/restauration\/lounge-bar\" class=\"excerpt-read-more\">Continue Reading<i class=\"fa fa-long-arrow-right icon-long-arrow-right\"><\/i><\/a><\/p>\n","protected":false},"author":9,"featured_media":0,"parent":5935,"menu_order":0,"comment_status":"closed","ping_status":"closed","template":"","meta":[],"_links":{"self":[{"href":"https:\/\/www.hotelbarrage.it\/fr\/wp-json\/wp\/v2\/pages\/5966"}],"collection":[{"href":"https:\/\/www.hotelbarrage.it\/fr\/wp-json\/wp\/v2\/pages"}],"about":[{"href":"https:\/\/www.hotelbarrage.it\/fr\/wp-json\/wp\/v2\/types\/page"}],"author":[{"embeddable":true,"href":"https:\/\/www.hotelbarrage.it\/fr\/wp-json\/wp\/v2\/users\/9"}],"replies":[{"embeddable":true,"href":"https:\/\/www.hotelbarrage.it\/fr\/wp-json\/wp\/v2\/comments?post=5966"}],"version-history":[{"count":5,"href":"https:\/\/www.hotelbarrage.it\/fr\/wp-json\/wp\/v2\/pages\/5966\/revisions"}],"predecessor-version":[{"id":11440,"href":"https:\/\/www.hotelbarrage.it\/fr\/wp-json\/wp\/v2\/pages\/5966\/revisions\/11440"}],"up":[{"embeddable":true,"href":"https:\/\/www.hotelbarrage.it\/fr\/wp-json\/wp\/v2\/pages\/5935"}],"wp:attachment":[{"href":"https:\/\/www.hotelbarrage.it\/fr\/wp-json\/wp\/v2\/media?parent=5966"}],"curies":[{"name":"wp","href":"https:\/\/api.w.org\/{rel}","templated":true}]}}