{"id":6053,"date":"2015-06-13T09:39:30","date_gmt":"2015-06-13T07:39:30","guid":{"rendered":"http:\/\/www.hotelbarrage.it\/?page_id=6053"},"modified":"2017-07-17T15:20:21","modified_gmt":"2017-07-17T13:20:21","slug":"natura-e-sport","status":"publish","type":"page","link":"https:\/\/www.hotelbarrage.it\/fr\/pinerolo-et-alentours\/natura-e-sport","title":{"rendered":"Nature et Sport"},"content":{"rendered":"<h4><span style=\"color: #ff6600;\"><strong><a href=\"\/wp-content\/uploads\/2015\/06\/FAMILY-HOLIDAYS.jpg\"><img decoding=\"async\" loading=\"lazy\" class=\" size-medium wp-image-5547 alignleft\" src=\"\/wp-content\/uploads\/2015\/06\/FAMILY-HOLIDAYS-300x200.jpg\" alt=\"FAMILY HOLIDAYS\" width=\"300\" height=\"200\" srcset=\"\/wp-content\/uploads\/2015\/06\/FAMILY-HOLIDAYS-300x200.jpg 300w, \/wp-content\/uploads\/2015\/06\/FAMILY-HOLIDAYS-1024x681.jpg 1024w, \/wp-content\/uploads\/2015\/06\/FAMILY-HOLIDAYS.jpg 1500w\" sizes=\"(max-width: 300px) 100vw, 300px\" \/><\/a>ZOOM<\/strong><\/span><\/h4>\n<p style=\"text-align: justify;\"><span lang=\"FR\">\u00c0 un quart d&rsquo;heure de l&rsquo;h\u00f4tel, sans grillages ni cages, mais uniquement des buissons et des bassins d&rsquo;eau. Le bioparc est n\u00e9 dans le but de <strong>faire conna\u00eetre et de prot\u00e9ger les animaux, de conserver et de d\u00e9fendre les esp\u00e8ces \u00e0 risque<\/strong>, de soutenir la recherche et d&rsquo;approfondir les th\u00e8mes environnementaux. Un parcours qui s&rsquo;articule sur les 180.000 m\u00b2 de nature \u00e0 d\u00e9couvrir et \u00e0 voir.<\/span><\/p>\n<p><span lang=\"FR\">Plus d&rsquo;infos sur <a href=\"http:\/\/www.zoomtorino.it\/\">www.zoomtorino.it<\/a><\/span><\/p>\n<div class=\"gdlr-shortcode-wrapper\">\n<div class=\"clear\"><\/div>\n<div class=\"gdlr-item gdlr-divider-item\"  >\n<div class=\"gdlr-divider solid\"  style=\"width: 80%;\" ><\/div>\n<\/div>\n<\/div>\n<h4><\/h4>\n<h4><span style=\"color: #ff6600;\"><strong><a href=\"\/wp-content\/uploads\/2015\/07\/Atlantis_HotelBarrage.jpg\"><img decoding=\"async\" loading=\"lazy\" class=\" size-medium wp-image-5544 alignleft\" src=\"\/wp-content\/uploads\/2015\/07\/Atlantis_HotelBarrage-300x176.jpg\" alt=\"Atlantis_HotelBarrage\" width=\"300\" height=\"176\" srcset=\"\/wp-content\/uploads\/2015\/07\/Atlantis_HotelBarrage-300x176.jpg 300w, \/wp-content\/uploads\/2015\/07\/Atlantis_HotelBarrage.jpg 507w\" sizes=\"(max-width: 300px) 100vw, 300px\" \/><\/a><\/strong><\/span><\/h4>\n<h4><span style=\"color: #ff6600;\"><strong>PARC AQUATIQUE ATLANTIS ET PARC DES DINOSAURES LOSTWORLD<\/strong><\/span><\/h4>\n<p style=\"text-align: justify;\"><span lang=\"FR\">Immerg\u00e9 dans une v\u00e9g\u00e9tation luxuriante, juste devant l&rsquo;h\u00f4tel, le Parc Atlantis offre la possibilit\u00e9 de passer <strong>des journ\u00e9es pleines d&rsquo;aventure, de soleil et d&rsquo;eau pour petits et grands<\/strong>. Derri\u00e8re les piscines se cache le Parc Lostworld, o\u00f9 les enfants peuvent d\u00e9couvrir les grands reptiles qui furent les ma\u00eetres de notre plan\u00e8te, \u00e0 travers une s\u00e9rie d&rsquo;activit\u00e9s ludiques et didactiques organis\u00e9es chaque jour \u00e0 leur attention.<\/span><\/p>\n<p><span lang=\"FR\">Plus d&rsquo;infos sur <a href=\"http:\/\/www.acquatlantis.com\/\">www.acquatlantis.com<\/a><\/span><\/p>\n<div class=\"gdlr-shortcode-wrapper\">\n<div class=\"clear\"><\/div>\n<div class=\"gdlr-item gdlr-divider-item\"  >\n<div class=\"gdlr-divider solid\"  style=\"width: 80%;\" ><\/div>\n<\/div>\n<\/div>\n<h4><span style=\"color: #ff6600;\"><strong><a href=\"\/wp-content\/uploads\/2015\/06\/scopriminiera.jpg\"><img decoding=\"async\" loading=\"lazy\" class=\" size-medium wp-image-5551 alignleft\" src=\"\/wp-content\/uploads\/2015\/06\/scopriminiera-300x200.jpg\" alt=\"scopriminiera\" width=\"300\" height=\"200\" srcset=\"\/wp-content\/uploads\/2015\/06\/scopriminiera-300x200.jpg 300w, \/wp-content\/uploads\/2015\/06\/scopriminiera.jpg 1024w\" sizes=\"(max-width: 300px) 100vw, 300px\" \/><\/a>SCOPRIMINIERA<\/strong><\/span><\/h4>\n<p style=\"text-align: justify;\"><span lang=\"FR\">Scopriminiera voit le jour en 1998 pour valoriser le riche patrimoine minier de la Val Germanasca aujourd&rsquo;hui abandonn\u00e9. Situ\u00e9 au c\u0153ur des <strong>Vall\u00e9es Vaudoises et Occitanes<\/strong> \u00e0 environ 40 minutes de l&rsquo;h\u00f4tel, l\u2019\u00c9comus\u00e9e pr\u00e9voit un programme articul\u00e9 d&rsquo;activit\u00e9s, en commen\u00e7ant par la visite souterraine des mines Paola et Gianna.<\/span><\/p>\n<p><span lang=\"FR\">Plus d&rsquo;infos sur <a href=\"http:\/\/www.scopriminiera.it\/\">www.scopriminiera.it<\/a><\/span><\/p>\n<p style=\"text-align: justify;\">\n<div class=\"gdlr-shortcode-wrapper\">\n<div class=\"clear\"><\/div>\n<div class=\"gdlr-item gdlr-divider-item\"  >\n<div class=\"gdlr-divider solid\"  style=\"width: 80%;\" ><\/div>\n<\/div>\n<\/div>\n<h4><span style=\"color: #ff6600;\"><strong><a href=\"\/wp-content\/uploads\/2015\/07\/ForteFenestrelle_HotelBarrage.jpg\"><img decoding=\"async\" loading=\"lazy\" class=\" size-medium wp-image-5511 alignleft\" src=\"\/wp-content\/uploads\/2015\/07\/ForteFenestrelle_HotelBarrage-300x219.jpg\" alt=\"ForteFenestrelle_HotelBarrage\" width=\"300\" height=\"219\" srcset=\"\/wp-content\/uploads\/2015\/07\/ForteFenestrelle_HotelBarrage-300x219.jpg 300w, \/wp-content\/uploads\/2015\/07\/ForteFenestrelle_HotelBarrage.jpg 640w\" sizes=\"(max-width: 300px) 100vw, 300px\" \/><\/a>FORT DI FENESTRELLE<\/strong><\/span><\/h4>\n<p style=\"text-align: justify;\"><span lang=\"FR\">Plus connu comme le \u201cg\u00e9ant arm\u00e9\u201d, le Fort de Fenestrelle est constitu\u00e9 par trois complexes fortifi\u00e9s, reli\u00e9s par un tunnel au centre duquel se d\u00e9veloppe <strong>l&rsquo;escalier le plus long d&rsquo;Europe<\/strong> qui compte 4000 marches. On propose diff\u00e9rents types de visites guid\u00e9es et de nombreux \u00e9v\u00e9nements organis\u00e9s pour d\u00e9couvrir et \u00e9voquer l&rsquo;histoire de la plus grande fortification alpine d&rsquo;Europe.<\/span><\/p>\n<p><span lang=\"FR\">Plus d&rsquo;infos sur <a href=\"http:\/\/www.fortedifenestrelle.it\/\">ww.fortedifenestrelle.it<\/a><\/span><\/p>\n<p>&nbsp;<\/p>\n<p>&nbsp;<\/p>\n<div class=\"gdlr-shortcode-wrapper\">\n<div class=\"clear\"><\/div>\n<div class=\"gdlr-item gdlr-divider-item\"  >\n<div class=\"gdlr-divider solid\"  style=\"width: 80%;\" ><\/div>\n<\/div>\n<\/div>\n<p><span lang=\"FR\"><a href=\"http:\/\/www.hotelbarrage.it\/fr\/pinerolo-et-alentours\">Retour \u00e0 Pinerolo et alentours<\/a><\/span><\/p>\n","protected":false},"excerpt":{"rendered":"<p>ZOOM \u00c0 un quart d&rsquo;heure de l&rsquo;h\u00f4tel, sans grillages ni cages, mais uniquement des buissons et des bassins d&rsquo;eau. Le bioparc est n\u00e9 dans le but de faire conna\u00eetre et de prot\u00e9ger les animaux, de conserver et de d\u00e9fendre les esp\u00e8ces \u00e0 risque, de soutenir la recherche et d&rsquo;approfondir les th\u00e8mes environnementaux. Un parcours qui&#8230; <\/p>\n<div class=\"clear\"><\/div>\n<p><a href=\"https:\/\/www.hotelbarrage.it\/fr\/pinerolo-et-alentours\/natura-e-sport\" class=\"excerpt-read-more\">Continue Reading<i class=\"fa fa-long-arrow-right icon-long-arrow-right\"><\/i><\/a><\/p>\n","protected":false},"author":9,"featured_media":0,"parent":6019,"menu_order":0,"comment_status":"closed","ping_status":"closed","template":"","meta":[],"_links":{"self":[{"href":"https:\/\/www.hotelbarrage.it\/fr\/wp-json\/wp\/v2\/pages\/6053"}],"collection":[{"href":"https:\/\/www.hotelbarrage.it\/fr\/wp-json\/wp\/v2\/pages"}],"about":[{"href":"https:\/\/www.hotelbarrage.it\/fr\/wp-json\/wp\/v2\/types\/page"}],"author":[{"embeddable":true,"href":"https:\/\/www.hotelbarrage.it\/fr\/wp-json\/wp\/v2\/users\/9"}],"replies":[{"embeddable":true,"href":"https:\/\/www.hotelbarrage.it\/fr\/wp-json\/wp\/v2\/comments?post=6053"}],"version-history":[{"count":5,"href":"https:\/\/www.hotelbarrage.it\/fr\/wp-json\/wp\/v2\/pages\/6053\/revisions"}],"predecessor-version":[{"id":11247,"href":"https:\/\/www.hotelbarrage.it\/fr\/wp-json\/wp\/v2\/pages\/6053\/revisions\/11247"}],"up":[{"embeddable":true,"href":"https:\/\/www.hotelbarrage.it\/fr\/wp-json\/wp\/v2\/pages\/6019"}],"wp:attachment":[{"href":"https:\/\/www.hotelbarrage.it\/fr\/wp-json\/wp\/v2\/media?parent=6053"}],"curies":[{"name":"wp","href":"https:\/\/api.w.org\/{rel}","templated":true}]}}