{"id":6066,"date":"2015-06-13T09:41:14","date_gmt":"2015-06-13T07:41:14","guid":{"rendered":"http:\/\/www.hotelbarrage.it\/?page_id=6066"},"modified":"2017-07-13T17:40:34","modified_gmt":"2017-07-13T15:40:34","slug":"gastronomie","status":"publish","type":"page","link":"https:\/\/www.hotelbarrage.it\/fr\/pinerolo-et-alentours\/gastronomie","title":{"rendered":"Gastronomie"},"content":{"rendered":"<h4><span style=\"color: #ff6600;\"><strong><a href=\"\/wp-content\/uploads\/2015\/06\/gtalup.jpg\"><img decoding=\"async\" loading=\"lazy\" class=\" size-medium wp-image-5563 alignleft\" src=\"\/wp-content\/uploads\/2015\/06\/gtalup-300x225.jpg\" alt=\"gtalup\" width=\"300\" height=\"225\" srcset=\"\/wp-content\/uploads\/2015\/06\/gtalup-300x225.jpg 300w, \/wp-content\/uploads\/2015\/06\/gtalup-1024x768.jpg 1024w, \/wp-content\/uploads\/2015\/06\/gtalup-400x300.jpg 400w, \/wp-content\/uploads\/2015\/06\/gtalup.jpg 2048w\" sizes=\"(max-width: 300px) 100vw, 300px\" \/><\/a>GALUP<\/strong><\/span><\/h4>\n<p style=\"text-align: justify;\"><span lang=\"FR\">La Galup, dont le nom d\u00e9rive du terme pi\u00e9montais <em>galup<\/em>, qui signifie \u201cexquis\u201d, voit le jour en 1922 au centre de Pinerolo. Le produit le plus connu est le \u00ab\u00a0panettone basso\u00a0\u00bb avec un gla\u00e7age fait main aux noisettes du Pi\u00e9mont IGP et c&rsquo;est avec orgueil qu&rsquo;on le pr\u00e9pare jour apr\u00e8s jour. Dans le magasin, qui se situe \u00e0 cinq minutes seulement de l&rsquo;h\u00f4tel, on peut acheter des \u00ab\u00a0panettoni\u00a0\u00bb, des \u00ab\u00a0colombes\u00a0\u00bb et de petits d\u00e9lices quotidiens.<\/span><\/p>\n<p><span lang=\"FR\">Plus d&rsquo;infos sur <a href=\"http:\/\/www.galup.it\/\">http:\/\/www.galup.it\/<\/a><\/span><\/p>\n<div class=\"gdlr-shortcode-wrapper\">\n<div class=\"clear\"><\/div>\n<div class=\"gdlr-item gdlr-divider-item\"  >\n<div class=\"gdlr-divider solid\"  style=\"width: 80%;\" ><\/div>\n<\/div>\n<\/div>\n<h4><span style=\"color: #ff6600;\"><strong><a href=\"\/wp-content\/uploads\/2015\/06\/albergian.jpg\"><img decoding=\"async\" loading=\"lazy\" class=\" size-medium wp-image-5565 alignleft\" src=\"\/wp-content\/uploads\/2015\/06\/albergian-300x154.jpg\" alt=\"albergian\" width=\"300\" height=\"154\" srcset=\"\/wp-content\/uploads\/2015\/06\/albergian-300x154.jpg 300w, \/wp-content\/uploads\/2015\/06\/albergian.jpg 574w\" sizes=\"(max-width: 300px) 100vw, 300px\" \/><\/a>ALBERGIAN<\/strong><\/span><\/h4>\n<p style=\"text-align: justify;\"><span lang=\"FR\">Albergian produit depuis 1908 des sp\u00e9cialit\u00e9s de la tradition, en utilisant des ingr\u00e9dients de la montagne pi\u00e9montaise. C&rsquo;est ainsi que naissent les liqueurs, les confitures, le miel, les bonbons et d&rsquo;autres sp\u00e9cialit\u00e9s gastronomiques, des plats authentiques de haute altitude \u00e0 d\u00e9guster. Ces petites d\u00e9licatesses sont en vente dans les deux magasins de Pinerolo.<\/span><\/p>\n<p><span lang=\"FR\">Plus d&rsquo;infos sur <a href=\"http:\/\/www.albergian.it\/\">http:\/\/www.albergian.it\/<\/a><\/span><\/p>\n<div class=\"gdlr-shortcode-wrapper\">\n<div class=\"clear\"><\/div>\n<div class=\"gdlr-item gdlr-divider-item\"  >\n<div class=\"gdlr-divider solid\"  style=\"width: 80%;\" ><\/div>\n<\/div>\n<\/div>\n<h4><strong><span style=\"color: #ff6600;\"><a href=\"\/wp-content\/uploads\/2015\/06\/caffarel-2.jpg\"><img decoding=\"async\" loading=\"lazy\" class=\" size-medium wp-image-5567 alignleft\" src=\"\/wp-content\/uploads\/2015\/06\/caffarel-2-300x200.jpg\" alt=\"caffarel 2\" width=\"300\" height=\"200\" srcset=\"\/wp-content\/uploads\/2015\/06\/caffarel-2-300x200.jpg 300w, \/wp-content\/uploads\/2015\/06\/caffarel-2-1024x683.jpg 1024w, \/wp-content\/uploads\/2015\/06\/caffarel-2.jpg 1500w\" sizes=\"(max-width: 300px) 100vw, 300px\" \/><\/a>CAFFAREL<\/span><\/strong><\/h4>\n<p style=\"text-align: justify;\"><span lang=\"FR\">La soci\u00e9t\u00e9 Caffarel est depuis 1826 une excellence pi\u00e9montaise dans le secteur du chocolat; elle a introduit le cacao dans la r\u00e9gion en l&rsquo;associant aux meilleurs ingr\u00e9dients du territoire, en particulier \u00e0 la fameuse Noisette du Pi\u00e9mont IGP. Le \u00ab\u00a0Gianduiotto\u00a0\u00bb est le produit artisanal le plus c\u00e9l\u00e8bre et appr\u00e9ci\u00e9 de Caffarel, gr\u00e2ce \u00e0 sa p\u00e2te parfum\u00e9e et \u00e0 sa forme unique de barquette. On peut visiter le magasin de la soci\u00e9t\u00e9 \u00e0 Luserna San Giovanni \u00e0 15 minutes seulement de l&rsquo;h\u00f4tel.<\/span><\/p>\n<p><span lang=\"FR\">Plus d&rsquo;infos sur <a href=\"http:\/\/www.caffarel.com\/it\/\">http:\/\/www.caffarel.com\/it\/<\/a><\/span><\/p>\n<div class=\"gdlr-shortcode-wrapper\">\n<div class=\"clear\"><\/div>\n<div class=\"gdlr-item gdlr-divider-item\"  >\n<div class=\"gdlr-divider solid\"  style=\"width: 80%;\" ><\/div>\n<\/div>\n<\/div>\n<h4><strong><span style=\"color: #ff6600;\"><a href=\"\/wp-content\/uploads\/2015\/06\/eataly-041.jpg\"><img decoding=\"async\" loading=\"lazy\" class=\" size-medium wp-image-5569 alignleft\" src=\"\/wp-content\/uploads\/2015\/06\/eataly-041-300x200.jpg\" alt=\"eataly-041\" width=\"300\" height=\"200\" srcset=\"\/wp-content\/uploads\/2015\/06\/eataly-041-300x200.jpg 300w, \/wp-content\/uploads\/2015\/06\/eataly-041.jpg 800w\" sizes=\"(max-width: 300px) 100vw, 300px\" \/><\/a>EATALY<\/span><\/strong><\/h4>\n<p style=\"text-align: justify;\"><span lang=\"FR\">Eataly signifie manger \u00e0 l&rsquo;italienne, vivre \u00e0 l&rsquo;italienne, dans le but de d\u00e9montrer que la grande qualit\u00e9 de l&rsquo;\u0153nogastronomie italienne est \u00e0 la port\u00e9e de tous : des produits faciles \u00e0 trouver et \u00e0 des prix abordables. Comme dans chaque Eataly, \u00e0 Pinerolo aussi on peut acheter de bons produits naturels ou manger dans l&rsquo;espace rustique et intime du petit restaurant.<\/span><\/p>\n<p><span lang=\"FR\">Plus d&rsquo;infos sur <a href=\"http:\/\/www.eataly.net\/it_it\/negozi\/pinerolo\/\">http:\/\/www.eataly.net\/it_it\/negozi\/pinerolo\/<\/a><\/span><\/p>\n<p style=\"text-align: justify;\">\n<div class=\"clear\"><\/div>\n<div class=\"gdlr-space\" style=\"margin-top: 20px;\"><\/div>\n<\/p>\n<p style=\"text-align: justify;\"><a href=\"http:\/\/www.hotelbarrage.it\/fr\/pinerolo-et-alentours\">Retour \u00e0 Pinerolo et alentours<\/a><\/p>\n","protected":false},"excerpt":{"rendered":"<p>GALUP La Galup, dont le nom d\u00e9rive du terme pi\u00e9montais galup, qui signifie \u201cexquis\u201d, voit le jour en 1922 au centre de Pinerolo. Le produit le plus connu est le \u00ab\u00a0panettone basso\u00a0\u00bb avec un gla\u00e7age fait main aux noisettes du Pi\u00e9mont IGP et c&rsquo;est avec orgueil qu&rsquo;on le pr\u00e9pare jour apr\u00e8s jour. Dans le magasin,&#8230; <\/p>\n<div class=\"clear\"><\/div>\n<p><a href=\"https:\/\/www.hotelbarrage.it\/fr\/pinerolo-et-alentours\/gastronomie\" class=\"excerpt-read-more\">Continue Reading<i class=\"fa fa-long-arrow-right icon-long-arrow-right\"><\/i><\/a><\/p>\n","protected":false},"author":9,"featured_media":0,"parent":6019,"menu_order":0,"comment_status":"closed","ping_status":"open","template":"","meta":[],"_links":{"self":[{"href":"https:\/\/www.hotelbarrage.it\/fr\/wp-json\/wp\/v2\/pages\/6066"}],"collection":[{"href":"https:\/\/www.hotelbarrage.it\/fr\/wp-json\/wp\/v2\/pages"}],"about":[{"href":"https:\/\/www.hotelbarrage.it\/fr\/wp-json\/wp\/v2\/types\/page"}],"author":[{"embeddable":true,"href":"https:\/\/www.hotelbarrage.it\/fr\/wp-json\/wp\/v2\/users\/9"}],"replies":[{"embeddable":true,"href":"https:\/\/www.hotelbarrage.it\/fr\/wp-json\/wp\/v2\/comments?post=6066"}],"version-history":[{"count":7,"href":"https:\/\/www.hotelbarrage.it\/fr\/wp-json\/wp\/v2\/pages\/6066\/revisions"}],"predecessor-version":[{"id":11243,"href":"https:\/\/www.hotelbarrage.it\/fr\/wp-json\/wp\/v2\/pages\/6066\/revisions\/11243"}],"up":[{"embeddable":true,"href":"https:\/\/www.hotelbarrage.it\/fr\/wp-json\/wp\/v2\/pages\/6019"}],"wp:attachment":[{"href":"https:\/\/www.hotelbarrage.it\/fr\/wp-json\/wp\/v2\/media?parent=6066"}],"curies":[{"name":"wp","href":"https:\/\/api.w.org\/{rel}","templated":true}]}}