{"id":6099,"date":"2015-06-13T09:42:29","date_gmt":"2015-06-13T07:42:29","guid":{"rendered":"http:\/\/www.hotelbarrage.it\/?page_id=6099"},"modified":"2017-07-13T16:52:33","modified_gmt":"2017-07-13T14:52:33","slug":"fuoriporta","status":"publish","type":"page","link":"https:\/\/www.hotelbarrage.it\/fr\/pinerolo-et-alentours\/fuoriporta","title":{"rendered":"Alentours"},"content":{"rendered":"<h4><span style=\"color: #ff6600;\"><strong><a href=\"\/wp-content\/uploads\/2015\/06\/palazzo-reale.jpg\"><img decoding=\"async\" loading=\"lazy\" class=\" size-medium wp-image-5572 alignleft\" src=\"\/wp-content\/uploads\/2015\/06\/palazzo-reale-300x147.jpg\" alt=\"palazzo reale\" width=\"300\" height=\"147\" srcset=\"\/wp-content\/uploads\/2015\/06\/palazzo-reale-300x147.jpg 300w, \/wp-content\/uploads\/2015\/06\/palazzo-reale.jpg 640w\" sizes=\"(max-width: 300px) 100vw, 300px\" \/><\/a>TURIN BAROQUE<\/strong><\/span><\/h4>\n<p style=\"text-align: justify;\">Turin vit une p\u00e9riode de splendeur depuis le XVIIe si\u00e8cle gr\u00e2ce \u00e0 l&rsquo;engagement de la famille de Savoie qui fit appel aux meilleurs architectes d&rsquo;Europe pour enrichir sa capitale. L&rsquo;\u00e9poque du Baroque orna la ville de bijoux d&rsquo;une grande splendeur, comme la <strong>Chapelle du Saint-Suaire<\/strong>, l&rsquo;\u00e9glise <strong>San Lorenzo<\/strong> et le <strong> Sanctuaire de la Consolata<\/strong>. Le baroque identifie quelques-unes des rues les plus c\u00e9l\u00e8bres de la vieille ville, dont <strong>via Po<\/strong>, <strong>la place Castello<\/strong> et <strong>la place San Carlo<\/strong>. En ville: le <strong>Palais Royal<\/strong>, qui fut la r\u00e9sidence de la famille de Savoie jusqu&rsquo;en 1865, le <strong>Palais Madama<\/strong>, qui accueille le Mus\u00e9e d&rsquo;Art Antique, et le <strong>Palais Carignano<\/strong>, si\u00e8ge du Premier Parlement italien apr\u00e8s l&rsquo;Unit\u00e9 Nationale.<\/p>\n<p>Plus d&rsquo;infos sur <a href=\"http:\/\/www.museotorino.it\/view\/s\/f764ad88fb5744c3aaf18096d544f7ec\">http:\/\/www.museotorino.it\/<\/a><\/p>\n<div class=\"gdlr-shortcode-wrapper\">\n<div class=\"clear\"><\/div>\n<div class=\"gdlr-item gdlr-divider-item\"  >\n<div class=\"gdlr-divider solid\"  style=\"width: 80%;\" ><\/div>\n<\/div>\n<\/div>\n<h4><strong><span style=\"color: #ff6600;\"><a href=\"\/wp-content\/uploads\/2015\/06\/venaria.jpg\"><img decoding=\"async\" loading=\"lazy\" class=\" size-medium wp-image-5574 alignleft\" src=\"\/wp-content\/uploads\/2015\/06\/venaria-300x166.jpg\" alt=\"venaria\" width=\"300\" height=\"166\" srcset=\"\/wp-content\/uploads\/2015\/06\/venaria-300x166.jpg 300w, \/wp-content\/uploads\/2015\/06\/venaria.jpg 800w\" sizes=\"(max-width: 300px) 100vw, 300px\" \/><\/a>TURIN SAVOIE<\/span><\/strong><\/h4>\n<p style=\"text-align: justify;\">Turin est le c\u0153ur des R\u00e9sidences Royales que la famille de Savoie fit construire entre le XVIIe et le XVIIIe si\u00e8cle: des r\u00e9sidences et de splendides villas qui, gr\u00e2ce \u00e0 leur beaut\u00e9, forment la soi-disant \u00ab\u00a0couronne des d\u00e9lices\u00a0\u00bb. Sur les berges du P\u00f4, on peut visiter le <strong>Ch\u00e2teau du Valentino<\/strong>, l&rsquo;actuel si\u00e8ge de l&rsquo;universit\u00e9; perch\u00e9e sur la colline d&rsquo;o\u00f9 l&rsquo;on aper\u00e7oit toute la ville, <strong>Villa della Regina<\/strong> nous accueille avec ses peintures du XVIe et du XVIIe si\u00e8cle. La \u201ccouronne des d\u00e9lices\u201d comprend le <strong> Ch\u00e2teau de Rivoli<\/strong>, qui accueille aujourd&rsquo;hui le Mus\u00e9e d&rsquo;Art Contemporain, et la <strong>Reggia di Venaria<\/strong>, souvent d\u00e9finie comme la \u201cVersailles\u201d des Savoie, mais aussi le <strong>Pavillon de Chasse de Stupinigi<\/strong> et le <strong>Ch\u00e2teau de Moncalieri<\/strong>, une des r\u00e9sidences les plus anciennes. Pour compl\u00e9ter le tableau, citons le <strong>Ch\u00e2teau d&rsquo;Agli\u00e8<\/strong>, en province de Turin, et le <strong> Ch\u00e2teau de Racconigi<\/strong>, en province de Coni, avec son parc particuli\u00e8rement int\u00e9ressant du point de vue naturaliste.<\/p>\n<p>Plus d&rsquo;infos sur <a href=\"http:\/\/www.italia.it\/it\/idee-di-viaggio\/siti-unesco\/torino-le-residenze-dei-savoia.html\">http:\/\/www.italia.it\/it\/idee-di-viaggio\/siti-unesco\/torino-le-residenze-dei-savoia.html<\/a><\/p>\n<div class=\"gdlr-shortcode-wrapper\">\n<div class=\"clear\"><\/div>\n<div class=\"gdlr-item gdlr-divider-item\"  >\n<div class=\"gdlr-divider solid\"  style=\"width: 80%;\" ><\/div>\n<\/div>\n<\/div>\n<h4><span style=\"color: #ff6600;\"><strong><a href=\"\/wp-content\/uploads\/2015\/06\/CinemaMuseum_TurismoTorino.jpg\"><img decoding=\"async\" loading=\"lazy\" class=\" size-medium wp-image-5576 alignleft\" src=\"\/wp-content\/uploads\/2015\/06\/CinemaMuseum_TurismoTorino-199x300.jpg\" alt=\"CinemaMuseum_TurismoTorino\" width=\"199\" height=\"300\" srcset=\"\/wp-content\/uploads\/2015\/06\/CinemaMuseum_TurismoTorino-199x300.jpg 199w, \/wp-content\/uploads\/2015\/06\/CinemaMuseum_TurismoTorino.jpg 563w\" sizes=\"(max-width: 199px) 100vw, 199px\" \/><\/a><\/strong><\/span><\/h4>\n<h4><span style=\"color: #ff6600;\"><strong>TURIN ET LES MUS\u00c9ES<\/strong><\/span><\/h4>\n<p style=\"text-align: justify;\">Turin est une ville riche en mus\u00e9es historiques, artistiques et scientifiques, \u00e0 caract\u00e8re national et international. Le plus c\u00e9l\u00e8bre est le <strong> Mus\u00e9e \u00c9gyptien<\/strong>, consid\u00e9r\u00e9 comme le plus important du monde apr\u00e8s celui du Caire en raison de la valeur des pi\u00e8ces expos\u00e9es. Le<strong> Mus\u00e9e National du Cin\u00e9ma<\/strong>, install\u00e9 \u00e0 l&rsquo;int\u00e9rieur de la Mole Antonelliana, symbole de la ville de Turin, est un des plus importants du monde. Citons ensuite le mus\u00e9e artistique comme le MAO, <strong>Mus\u00e9e d\u2019Art Oriental<\/strong> et la GAM, <strong>Galerie Civique d&rsquo;Art Moderne et Contemporain<\/strong>, les mus\u00e9es historiques comme le <strong> Mus\u00e9e Pietro Micca<\/strong> et la <strong>Forteresse et le Bourg m\u00e9di\u00e9val<\/strong>, ainsi que les mus\u00e9es scientifiques comme le <strong>Mus\u00e9e de Sciences Naturelles<\/strong>. Enfin, on peut admirer plus de 100 ans d&rsquo;histoire et de triomphes de la Juve au <strong>Juventus Museum<\/strong>.<\/p>\n<p>Plus d&rsquo;infos sur <a href=\"http:\/\/www.comune.torino.it\/musei\/\">http:\/\/www.comune.torino.it\/musei\/<\/a><\/p>\n<div class=\"gdlr-shortcode-wrapper\">\n<div class=\"clear\"><\/div>\n<div class=\"gdlr-item gdlr-divider-item\"  >\n<div class=\"gdlr-divider solid\"  style=\"width: 80%;\" ><\/div>\n<\/div>\n<\/div>\n<h4><strong><span style=\"color: #ff6600;\"><a href=\"\/wp-content\/uploads\/2015\/06\/caffe-torino-2.jpg\"><img decoding=\"async\" loading=\"lazy\" class=\" size-medium wp-image-5578 alignleft\" src=\"\/wp-content\/uploads\/2015\/06\/caffe-torino-2-300x200.jpg\" alt=\"caffe-torino-2\" width=\"300\" height=\"200\" srcset=\"\/wp-content\/uploads\/2015\/06\/caffe-torino-2-300x200.jpg 300w, \/wp-content\/uploads\/2015\/06\/caffe-torino-2.jpg 640w\" sizes=\"(max-width: 300px) 100vw, 300px\" \/><\/a>TURIN GOURMET<\/span><\/strong><\/h4>\n<p style=\"text-align: justify;\"><span lang=\"FR\">Les caf\u00e9s historiques de Turin font partie des coutumes et de la culture de la ville: on savoure les d\u00e9licatesses locales dans les petites salles rev\u00eatues de miroirs, de boiseries et de tapisseries de satin. <strong>Al Bicerin<\/strong> rappelle la fameuse boisson de Turin \u00e0 base de caf\u00e9, de chocolat et de chantilly, et l&rsquo;on ne manquera pas d&rsquo;y go\u00fbter la tarte Bicerin, un g\u00e2teau \u00e0 base de caf\u00e9 et de chocolat noir. En revanche, <strong>Fiorio<\/strong> sert des glaces au \u00ab\u00a0gianduja\u00a0\u00bb en \u00e9t\u00e9 et du chocolat chaud en hiver. Mais n&rsquo;oublions pas <strong>Platti<\/strong>, <strong>Baratti et Milano<\/strong>, le <strong>Caf\u00e9 San Carlo<\/strong> et le <strong>Caf\u00e9 Mulassano<\/strong>, o\u00f9 l&rsquo;on inventa les sandwiches triangulaires de pain de mie.<\/span><\/p>\n<p><span lang=\"FR\">Plus d&rsquo;infos sur <a href=\"http:\/\/www.maestridelgustotorino.com\/\">http:\/\/www.maestridelgustotorino.com\/<\/a><\/span><\/p>\n<p><a href=\"http:\/\/www.hotelbarrage.it\/fr\/pinerolo-et-alentours\">Retour \u00e0 Pinerolo et alentours<\/a><\/p>\n","protected":false},"excerpt":{"rendered":"<p>TURIN BAROQUE Turin vit une p\u00e9riode de splendeur depuis le XVIIe si\u00e8cle gr\u00e2ce \u00e0 l&rsquo;engagement de la famille de Savoie qui fit appel aux meilleurs architectes d&rsquo;Europe pour enrichir sa capitale. L&rsquo;\u00e9poque du Baroque orna la ville de bijoux d&rsquo;une grande splendeur, comme la Chapelle du Saint-Suaire, l&rsquo;\u00e9glise San Lorenzo et le Sanctuaire de la&#8230; <\/p>\n<div class=\"clear\"><\/div>\n<p><a href=\"https:\/\/www.hotelbarrage.it\/fr\/pinerolo-et-alentours\/fuoriporta\" class=\"excerpt-read-more\">Continue Reading<i class=\"fa fa-long-arrow-right icon-long-arrow-right\"><\/i><\/a><\/p>\n","protected":false},"author":9,"featured_media":0,"parent":6019,"menu_order":0,"comment_status":"closed","ping_status":"open","template":"","meta":[],"_links":{"self":[{"href":"https:\/\/www.hotelbarrage.it\/fr\/wp-json\/wp\/v2\/pages\/6099"}],"collection":[{"href":"https:\/\/www.hotelbarrage.it\/fr\/wp-json\/wp\/v2\/pages"}],"about":[{"href":"https:\/\/www.hotelbarrage.it\/fr\/wp-json\/wp\/v2\/types\/page"}],"author":[{"embeddable":true,"href":"https:\/\/www.hotelbarrage.it\/fr\/wp-json\/wp\/v2\/users\/9"}],"replies":[{"embeddable":true,"href":"https:\/\/www.hotelbarrage.it\/fr\/wp-json\/wp\/v2\/comments?post=6099"}],"version-history":[{"count":4,"href":"https:\/\/www.hotelbarrage.it\/fr\/wp-json\/wp\/v2\/pages\/6099\/revisions"}],"predecessor-version":[{"id":11242,"href":"https:\/\/www.hotelbarrage.it\/fr\/wp-json\/wp\/v2\/pages\/6099\/revisions\/11242"}],"up":[{"embeddable":true,"href":"https:\/\/www.hotelbarrage.it\/fr\/wp-json\/wp\/v2\/pages\/6019"}],"wp:attachment":[{"href":"https:\/\/www.hotelbarrage.it\/fr\/wp-json\/wp\/v2\/media?parent=6099"}],"curies":[{"name":"wp","href":"https:\/\/api.w.org\/{rel}","templated":true}]}}