{"id":6145,"date":"2015-07-03T10:31:58","date_gmt":"2015-07-03T08:31:58","guid":{"rendered":"http:\/\/www.hotelbarrage.it\/?page_id=6145"},"modified":"2018-03-13T13:16:42","modified_gmt":"2018-03-13T12:16:42","slug":"emotions-evenements","status":"publish","type":"page","link":"https:\/\/www.hotelbarrage.it\/fr\/propositions\/emotions-evenements","title":{"rendered":"\u00c9motions et \u00e9v\u00e9nements"},"content":{"rendered":"<p>&nbsp;<\/p>\n<p>&nbsp;<\/p>\n<h4><span style=\"color: #ff6600;\"><strong><img decoding=\"async\" loading=\"lazy\" class=\"size-medium wp-image-7240 alignleft\" src=\"\/wp-content\/uploads\/2015\/07\/Barrage_Mon_Amour_Roses-300x200.jpg\" alt=\"\" width=\"300\" height=\"200\" srcset=\"\/wp-content\/uploads\/2015\/07\/Barrage_Mon_Amour_Roses-300x200.jpg 300w, \/wp-content\/uploads\/2015\/07\/Barrage_Mon_Amour_Roses-1024x683.jpg 1024w\" sizes=\"(max-width: 300px) 100vw, 300px\" \/>Entre l&rsquo;amour et la psych\u00e9 \u2013 Barrage mon Amour<\/strong><\/span><\/h4>\n<p style=\"text-align: justify;\">Souhaitez-vous tenter une parenth\u00e8se d&rsquo;extase \u00e0 l&rsquo;\u00e9cart de la routine moderne?\u00a0Avez-vous envie de dorloter votre partenaire?\u00a0<em>Barrage Mon Amour<\/em>! Une pause de d\u00e9tente pour l&rsquo;esprit et un interm\u00e8de romantique pour deux c\u0153urs!<\/p>\n<p style=\"text-align: justify;\"><strong>2 Jours, 1 Nuit : 45 \u20ac\u00a0en semaine \u2013\u00a055,00 \u20ac\u00a0le week-end<\/strong><\/p>\n<p style=\"text-align: justify;\"><strong><span style=\"text-decoration: underline;\"><span style=\"color: #ff6600; text-decoration: underline;\"><br \/>\n<\/span><\/span><\/strong><\/p>\n<h5 style=\"text-align: right;\"><span style=\"text-decoration: underline; color: #ff6600;\"><strong><a style=\"color: #ff6600; text-decoration: underline;\" href=\"https:\/\/www.quickbooking.eu\/BOL\/fr\/5184\/hotel-barrage\/offer\/1-12868\/tra-amore-%C2%A7-psiche-_-barrage-mon-amour\" target=\"_blank\" rel=\"noopener noreferrer\">R\u00c8SERVEZ<\/a>!<\/strong><\/span><\/h5>\n<hr \/>\n<p><a href=\"\/wp-content\/uploads\/2015\/07\/KinesiTrekking_HotelBarrage.jpg\"><img decoding=\"async\" loading=\"lazy\" class=\"alignleft size-medium wp-image-6215\" src=\"\/wp-content\/uploads\/2015\/07\/KinesiTrekking_HotelBarrage-300x188.jpg\" alt=\"KinesiTrekking_HotelBarrage\" width=\"300\" height=\"188\" srcset=\"\/wp-content\/uploads\/2015\/07\/KinesiTrekking_HotelBarrage-300x188.jpg 300w, \/wp-content\/uploads\/2015\/07\/KinesiTrekking_HotelBarrage.jpg 422w\" sizes=\"(max-width: 300px) 100vw, 300px\" \/><\/a><\/p>\n<h4>\u00a0<strong><span style=\"color: #ff6600;\">Cin\u00e9sie et Trekking<\/span><\/strong><\/h4>\n<p style=\"text-align: justify;\">Conjuguer le mouvement sain et divertissant du trekking et l&rsquo;activit\u00e9 salutaire et relaxante de la cin\u00e9sie. Gr\u00e2ce \u00e0 la collaboration avec le\u00a0<strong>dr Sandra Zoppi<\/strong>, conceptrice de la\u00a0<strong>m\u00e9thode \u201cKinesi K\u201d<\/strong>, nous offrons une s\u00e9ance de r\u00e9\u00e9ducation fonctionnelle plus le trekking du lendemain.<\/p>\n<p style=\"text-align: justify;\">\n<strong>2 Jours, 1 Nuit : 97,00 \u20ac par personne Total s\u00e9jour<\/strong><\/p>\n<h5 style=\"text-align: right;\"><span style=\"text-decoration: underline; color: #ff6600;\"><strong><a style=\"color: #ff6600; text-decoration: underline;\" href=\"https:\/\/www.quickbooking.eu\/BOL\/fr\/5184\/hotel-barrage\/offer\/1-15183\/offerta-kinesi-%C2%A7-trekking\" target=\"_blank\" rel=\"noopener noreferrer\">R\u00c8SERVEZ<\/a>!<\/strong><\/span><\/h5>\n<p style=\"text-align: justify;\"><a href=\"http:\/\/www.hotelbarrage.it\/fr\/propositions\">Retour \u00e0 <strong>PROPOSITIONS<\/strong><\/a><\/p>\n","protected":false},"excerpt":{"rendered":"<p>&nbsp; &nbsp; Entre l&rsquo;amour et la psych\u00e9 \u2013 Barrage mon Amour Souhaitez-vous tenter une parenth\u00e8se d&rsquo;extase \u00e0 l&rsquo;\u00e9cart de la routine moderne?\u00a0Avez-vous envie de dorloter votre partenaire?\u00a0Barrage Mon Amour! Une pause de d\u00e9tente pour l&rsquo;esprit et un interm\u00e8de romantique pour deux c\u0153urs! 2 Jours, 1 Nuit : 45 \u20ac\u00a0en semaine \u2013\u00a055,00 \u20ac\u00a0le week-end R\u00c8SERVEZ! \u00a0Cin\u00e9sie&#8230; <\/p>\n<div class=\"clear\"><\/div>\n<p><a href=\"https:\/\/www.hotelbarrage.it\/fr\/propositions\/emotions-evenements\" class=\"excerpt-read-more\">Continue Reading<i class=\"fa fa-long-arrow-right icon-long-arrow-right\"><\/i><\/a><\/p>\n","protected":false},"author":9,"featured_media":0,"parent":6130,"menu_order":0,"comment_status":"closed","ping_status":"open","template":"","meta":[],"_links":{"self":[{"href":"https:\/\/www.hotelbarrage.it\/fr\/wp-json\/wp\/v2\/pages\/6145"}],"collection":[{"href":"https:\/\/www.hotelbarrage.it\/fr\/wp-json\/wp\/v2\/pages"}],"about":[{"href":"https:\/\/www.hotelbarrage.it\/fr\/wp-json\/wp\/v2\/types\/page"}],"author":[{"embeddable":true,"href":"https:\/\/www.hotelbarrage.it\/fr\/wp-json\/wp\/v2\/users\/9"}],"replies":[{"embeddable":true,"href":"https:\/\/www.hotelbarrage.it\/fr\/wp-json\/wp\/v2\/comments?post=6145"}],"version-history":[{"count":10,"href":"https:\/\/www.hotelbarrage.it\/fr\/wp-json\/wp\/v2\/pages\/6145\/revisions"}],"predecessor-version":[{"id":11980,"href":"https:\/\/www.hotelbarrage.it\/fr\/wp-json\/wp\/v2\/pages\/6145\/revisions\/11980"}],"up":[{"embeddable":true,"href":"https:\/\/www.hotelbarrage.it\/fr\/wp-json\/wp\/v2\/pages\/6130"}],"wp:attachment":[{"href":"https:\/\/www.hotelbarrage.it\/fr\/wp-json\/wp\/v2\/media?parent=6145"}],"curies":[{"name":"wp","href":"https:\/\/api.w.org\/{rel}","templated":true}]}}