{"id":6181,"date":"2015-07-06T14:39:29","date_gmt":"2015-07-06T12:39:29","guid":{"rendered":"http:\/\/www.hotelbarrage.it\/?page_id=6181"},"modified":"2017-07-31T17:37:18","modified_gmt":"2017-07-31T15:37:18","slug":"naturepaysage","status":"publish","type":"page","link":"https:\/\/www.hotelbarrage.it\/fr\/propositions\/naturepaysage","title":{"rendered":"Nature et paysage"},"content":{"rendered":"<p><img decoding=\"async\" loading=\"lazy\" class=\"size-medium wp-image-5539 alignleft\" src=\"\/wp-content\/uploads\/2015\/07\/BalconiFiore_HotelBarrage-300x200.jpg\" alt=\"\" width=\"300\" height=\"200\" srcset=\"\/wp-content\/uploads\/2015\/07\/BalconiFiore_HotelBarrage-300x200.jpg 300w, \/wp-content\/uploads\/2015\/07\/BalconiFiore_HotelBarrage-1024x683.jpg 1024w\" sizes=\"(max-width: 300px) 100vw, 300px\" \/><\/p>\n<h4><strong><span style=\"color: #ff6600;\">Balcons fleuris<br \/>\n<\/span><\/strong><\/h4>\n<p style=\"text-align: justify;\">Visite Roure et Usseaux, anciens villages de l&rsquo;Haute Val Chisone, une visite des balcons fleuris, des fontaines et de beaux paysages!<\/p>\n<div><b>2 jours, 1 nuit: \u20ac 50,00 par Personne total living<\/b><\/div>\n<div><\/div>\n<h5 style=\"text-align: right;\"><b><\/b><span style=\"color: #ff6600;\"><strong><a style=\"color: #ff6600;\" href=\"https:\/\/www.quickbooking.eu\/BOL\/en\/5184\/hotel-barrage\/offer\/1-15182\/balcony-and-flowers\" target=\"_blank\" rel=\"noopener noreferrer\">R\u00e9servez<\/a>!<\/strong><\/span><\/h5>\n<div class=\"gdlr-shortcode-wrapper\">\n<div class=\"clear\"><\/div>\n<div class=\"gdlr-item gdlr-divider-item\"  >\n<div class=\"gdlr-divider solid\"  style=\"width: 100%;\" ><\/div>\n<\/div>\n<\/div>\n<h4><strong><span style=\"color: #ff6600;\"><img decoding=\"async\" loading=\"lazy\" class=\"size-medium wp-image-5534 alignleft\" src=\"\/wp-content\/uploads\/2015\/07\/mARMOTTE_HotelBarrage-300x150.jpg\" alt=\"\" width=\"300\" height=\"150\" srcset=\"\/wp-content\/uploads\/2015\/07\/mARMOTTE_HotelBarrage-300x150.jpg 300w, \/wp-content\/uploads\/2015\/07\/mARMOTTE_HotelBarrage.jpg 640w\" sizes=\"(max-width: 300px) 100vw, 300px\" \/>D\u00e9couvrire les marmottes<br \/>\n<\/span><\/strong><\/h4>\n<p style=\"text-align: justify;\">Une excursion seulement \u00e0 Pian dell&rsquo;Alpe avec la vue panoramique sur le Val Chisone du \u00ab\u00a0balcon\u00a0\u00bb au-dessus du fort Serre Marie.<\/p>\n<div>\n<p>L&rsquo;observation des marmottes est garanti!<\/p>\n<div><\/div>\n<div><b>2 jour, 1 nuit: \u20ac 45,00 (week-end); \u20ac 50,00 (en semaine) par personne total living<\/b><\/div>\n<\/div>\n<h5 style=\"text-align: right;\"><span style=\"color: #ff6600;\"><strong><a style=\"color: #ff6600;\" href=\"https:\/\/www.quickbooking.eu\/BOL\/en\/5184\/hotel-barrage\/offer\/1-15166\/discovering-groundhogs\" target=\"_blank\" rel=\"noopener noreferrer\">R\u00e9servez<\/a>!<\/strong><\/span><\/h5>\n<h4>\u00a0<\/p>\n<div class=\"gdlr-shortcode-wrapper\">\n<div class=\"clear\"><\/div>\n<div class=\"gdlr-item gdlr-divider-item\"  >\n<div class=\"gdlr-divider solid\"  style=\"width: 100%;\" ><\/div>\n<\/div>\n<\/div>\n<\/h4>\n<h4><span style=\"color: #ff6600;\"><strong><img decoding=\"async\" loading=\"lazy\" class=\"size-medium wp-image-11011 alignleft\" src=\"\/wp-content\/uploads\/2015\/07\/Pacchetto-water-adventure-300x225.jpg\" alt=\"\" width=\"300\" height=\"225\" srcset=\"\/wp-content\/uploads\/2015\/07\/Pacchetto-water-adventure-300x225.jpg 300w, \/wp-content\/uploads\/2015\/07\/Pacchetto-water-adventure-768x576.jpg 768w, \/wp-content\/uploads\/2015\/07\/Pacchetto-water-adventure.jpg 1024w, \/wp-content\/uploads\/2015\/07\/Pacchetto-water-adventure-400x300.jpg 400w\" sizes=\"(max-width: 300px) 100vw, 300px\" \/>Water Adventure<br \/>\n<\/strong><\/span><\/h4>\n<p>Pour un week-end d&rsquo;aventure, choisissez l&rsquo;H\u00f4tel Barrage! Seulement avec nous, vous pouvez choisir les meilleures activit\u00e9s de Rafting et Canoraft sur la rivi\u00e8re Dora ou sur la rivi\u00e8re Durance (une des plus belles rivi\u00e8res d&rsquo;Europe sur le territoire fran\u00e7ais) ou sur la rivi\u00e8re Guisane \u00e0 Brian\u00e7on!<\/p>\n<p><b>2 jour, 1 nuit &#8211; \u20ac 57,00\u00a0par personne total living<\/b><\/p>\n<p>&nbsp;<\/p>\n<h5 style=\"text-align: right;\"><span style=\"color: #ff6600;\"><strong><a style=\"color: #ff6600;\" href=\"https:\/\/www.quickbooking.eu\/BOL\/en\/5184\/hotel-barrage\/offer\/1-19304\/water-adventure\" target=\"_blank\" rel=\"noopener noreferrer\">R\u00e9servez<\/a>!<\/strong><\/span><\/h5>\n<div class=\"gdlr-shortcode-wrapper\">\n<div class=\"clear\"><\/div>\n<div class=\"gdlr-item gdlr-divider-item\"  >\n<div class=\"gdlr-divider solid\"  style=\"width: 50%;\" ><\/div>\n<\/div>\n<\/div>\n<h4><span style=\"color: #ff6600;\"><strong><img decoding=\"async\" loading=\"lazy\" class=\"size-medium wp-image-11020 alignleft\" src=\"\/wp-content\/uploads\/2015\/07\/Pacchetto-water-adventure-1-300x225.jpg\" alt=\"\" width=\"300\" height=\"225\" srcset=\"\/wp-content\/uploads\/2015\/07\/Pacchetto-water-adventure-1-300x225.jpg 300w, \/wp-content\/uploads\/2015\/07\/Pacchetto-water-adventure-1-768x576.jpg 768w, \/wp-content\/uploads\/2015\/07\/Pacchetto-water-adventure-1.jpg 1024w, \/wp-content\/uploads\/2015\/07\/Pacchetto-water-adventure-1-400x300.jpg 400w\" sizes=\"(max-width: 300px) 100vw, 300px\" \/>Water Adventure &#8211; 2 Nuits<br \/>\n<\/strong><\/span><\/h4>\n<p style=\"text-align: justify;\">Pour un week-end d&rsquo;aventure, choisissez l&rsquo;H\u00f4tel Barrage!\u00a0Seulement avec nous, vous pouvez choisir les meilleures activit\u00e9s de Rafting et Canoraft sur la rivi\u00e8re Dora ou sur la rivi\u00e8re Durance (une des plus belles rivi\u00e8res d&rsquo;Europe sur le territoire fran\u00e7ais) ou sur la rivi\u00e8re Guisane \u00e0 Brian\u00e7on!<\/p>\n<p><b>3 jours, 2 nuits &#8211; \u20ac 114,00\u00a0par personne total living<\/b><\/p>\n<p>&nbsp;<\/p>\n<h5 style=\"text-align: right;\"><span style=\"color: #ff6600;\"><strong><a style=\"color: #ff6600;\" href=\"https:\/\/www.quickbooking.eu\/BOL\/en\/5184\/hotel-barrage\/offer\/1-19305\/water-adventure_2-nights\" target=\"_blank\" rel=\"noopener noreferrer\">R\u00e9servez<\/a>!<\/strong><\/span><\/h5>\n<div class=\"gdlr-shortcode-wrapper\">\n<div class=\"clear\"><\/div>\n<div class=\"gdlr-item gdlr-divider-item\"  >\n<div class=\"gdlr-divider solid\"  style=\"width: 50%;\" ><\/div>\n<\/div>\n<\/div>\n<h4><span style=\"color: #ff6600;\"><strong><img decoding=\"async\" loading=\"lazy\" class=\"size-medium wp-image-11027 alignleft\" src=\"\/wp-content\/uploads\/2015\/07\/Copia-di-Pacchetto-water-adventure-300x225.jpg\" alt=\"\" width=\"300\" height=\"225\" srcset=\"\/wp-content\/uploads\/2015\/07\/Copia-di-Pacchetto-water-adventure-300x225.jpg 300w, \/wp-content\/uploads\/2015\/07\/Copia-di-Pacchetto-water-adventure-768x576.jpg 768w, \/wp-content\/uploads\/2015\/07\/Copia-di-Pacchetto-water-adventure.jpg 1024w, \/wp-content\/uploads\/2015\/07\/Copia-di-Pacchetto-water-adventure-400x300.jpg 400w\" sizes=\"(max-width: 300px) 100vw, 300px\" \/>Week-end dans l&rsquo;air<br \/>\n<\/strong><\/span><\/h4>\n<p>Pour un week-end d&rsquo;aventure, choisissez l&rsquo;H\u00f4tel Barrage! Seulement avec nous, vous ferez l&rsquo;exp\u00e9rience de l&rsquo;adr\u00e9naline d&rsquo;un saut en tandem avec un parachute! Si ne suffit pas, vous pouvez enrichir vos vacances avec nos itin\u00e9raires en v\u00e9lo pour d\u00e9couvrir la beaut\u00e9 naturelle du Val Chisone!<\/p>\n<p style=\"text-align: justify;\"><b>2 jours, 1 nuit\u00a0&#8211; \u20ac 57,00\u00a0par personne total living<\/b><\/p>\n<p>&nbsp;<\/p>\n<h5 style=\"text-align: right;\"><span style=\"color: #ff6600;\"><strong><a style=\"color: #ff6600;\" href=\"https:\/\/www.quickbooking.eu\/BOL\/en\/5184\/hotel-barrage\/offer\/1-19308\/weekend-in-the-air\" target=\"_blank\" rel=\"noopener noreferrer\">R\u00e9servez<\/a>!<\/strong><\/span><\/h5>\n<h4><strong><span style=\"color: #ff6600;\">\u00a0<\/span><\/strong><\/h4>\n<p style=\"text-align: justify;\">\n<div class=\"clear\"><\/div>\n<div class=\"gdlr-space\" style=\"margin-top: 20px;\"><\/div>\n<\/p>\n<p>&nbsp;<\/p>\n<div class=\"clear\"><\/div>\n<div class=\"gdlr-space\" style=\"margin-top: 20px;\"><\/div>\n<p><a name=\"OLE_LINK371\"><\/a><a href=\"http:\/\/www.hotelbarrage.it\/fr\/propositions\"><span lang=\"FR\">Retour \u00e0\u00a0<\/span><b><span lang=\"FR\">PROPOSITIONS<\/span><\/b><\/a><\/p>\n","protected":false},"excerpt":{"rendered":"<p>Balcons fleuris Visite Roure et Usseaux, anciens villages de l&rsquo;Haute Val Chisone, une visite des balcons fleuris, des fontaines et de beaux paysages! 2 jours, 1 nuit: \u20ac 50,00 par Personne total living R\u00e9servez! D\u00e9couvrire les marmottes Une excursion seulement \u00e0 Pian dell&rsquo;Alpe avec la vue panoramique sur le Val Chisone du \u00ab\u00a0balcon\u00a0\u00bb au-dessus du&#8230; <\/p>\n<div class=\"clear\"><\/div>\n<p><a href=\"https:\/\/www.hotelbarrage.it\/fr\/propositions\/naturepaysage\" class=\"excerpt-read-more\">Continue Reading<i class=\"fa fa-long-arrow-right icon-long-arrow-right\"><\/i><\/a><\/p>\n","protected":false},"author":9,"featured_media":0,"parent":6130,"menu_order":0,"comment_status":"closed","ping_status":"open","template":"","meta":[],"_links":{"self":[{"href":"https:\/\/www.hotelbarrage.it\/fr\/wp-json\/wp\/v2\/pages\/6181"}],"collection":[{"href":"https:\/\/www.hotelbarrage.it\/fr\/wp-json\/wp\/v2\/pages"}],"about":[{"href":"https:\/\/www.hotelbarrage.it\/fr\/wp-json\/wp\/v2\/types\/page"}],"author":[{"embeddable":true,"href":"https:\/\/www.hotelbarrage.it\/fr\/wp-json\/wp\/v2\/users\/9"}],"replies":[{"embeddable":true,"href":"https:\/\/www.hotelbarrage.it\/fr\/wp-json\/wp\/v2\/comments?post=6181"}],"version-history":[{"count":6,"href":"https:\/\/www.hotelbarrage.it\/fr\/wp-json\/wp\/v2\/pages\/6181\/revisions"}],"predecessor-version":[{"id":11363,"href":"https:\/\/www.hotelbarrage.it\/fr\/wp-json\/wp\/v2\/pages\/6181\/revisions\/11363"}],"up":[{"embeddable":true,"href":"https:\/\/www.hotelbarrage.it\/fr\/wp-json\/wp\/v2\/pages\/6130"}],"wp:attachment":[{"href":"https:\/\/www.hotelbarrage.it\/fr\/wp-json\/wp\/v2\/media?parent=6181"}],"curies":[{"name":"wp","href":"https:\/\/api.w.org\/{rel}","templated":true}]}}