{"id":6203,"date":"2015-07-03T10:32:37","date_gmt":"2015-07-03T08:32:37","guid":{"rendered":"http:\/\/www.hotelbarrage.it\/?page_id=6203"},"modified":"2017-07-28T15:20:20","modified_gmt":"2017-07-28T13:20:20","slug":"family-holidays","status":"publish","type":"page","link":"https:\/\/www.hotelbarrage.it\/fr\/propositions\/family-holidays","title":{"rendered":"Family Holidays"},"content":{"rendered":"<h4 style=\"text-align: left;\"><strong><span style=\"color: #ff6600;\">Parc Zoom\u00a0<\/span><\/strong><img decoding=\"async\" loading=\"lazy\" class=\"size-medium wp-image-6630 alignleft\" src=\"\/wp-content\/uploads\/2015\/07\/zoom-300x221.png\" alt=\"\" width=\"300\" height=\"221\" srcset=\"\/wp-content\/uploads\/2015\/07\/zoom-300x221.png 300w, \/wp-content\/uploads\/2015\/07\/zoom.png 408w\" sizes=\"(max-width: 300px) 100vw, 300px\" \/><\/h4>\n<p>Ne manquez pas l&rsquo;occasion de visiter l&rsquo;incroyable parc Zoom!<\/p>\n<p>Vous allez passer deux jours pour se amuser avec toute la famille, y compris des tigres, des hippopotames et des girafes!<\/p>\n<p style=\"text-align: justify;\">\n<p><strong>2 jours, 1 nuit: 60,00 \u20ac (le weekend) \u2013 65,00 \u20ac (au cours de la semaine)\u00a0<\/strong><strong>pour Personne s\u00e9jour total<\/strong><\/p>\n<p><strong><a style=\"color: #ff6600;\" href=\"\/wp-content\/uploads\/2015\/07\/pacchetto-zoom.pdf\" target=\"_blank\" rel=\"noopener noreferrer\">T\u00e9l\u00e9charger le package complet<\/a><\/strong><\/p>\n<h5 style=\"text-align: right;\"><span style=\"color: #ff6600;\"><strong><span style=\"text-decoration: underline;\">R\u00e9servez!<\/span><\/strong><\/span><\/h5>\n<div class=\"gdlr-shortcode-wrapper\">\n<div class=\"clear\"><\/div>\n<div class=\"gdlr-item gdlr-divider-item\"  >\n<div class=\"gdlr-divider solid\" ><\/div>\n<\/div>\n<\/div>\n<p><img decoding=\"async\" loading=\"lazy\" class=\"size-medium wp-image-10843 alignleft\" src=\"\/wp-content\/uploads\/2015\/07\/PineroloeTurin-Eye-1-300x225.jpg\" alt=\"\" width=\"300\" height=\"225\" srcset=\"\/wp-content\/uploads\/2015\/07\/PineroloeTurin-Eye-1-300x225.jpg 300w, \/wp-content\/uploads\/2015\/07\/PineroloeTurin-Eye-1-768x576.jpg 768w, \/wp-content\/uploads\/2015\/07\/PineroloeTurin-Eye-1.jpg 1024w, \/wp-content\/uploads\/2015\/07\/PineroloeTurin-Eye-1-400x300.jpg 400w\" sizes=\"(max-width: 300px) 100vw, 300px\" \/><\/p>\n<h4><strong><span style=\"color: #ff6600;\">Weekend Pinerolo&amp;Turin Eye<\/span><\/strong><\/h4>\n<p>D\u00e9couvrez l&rsquo;\u00e9l\u00e9gance de la vieille ville de Pinerolo avec le frisson de voler au-dessus de la ville de Turin \u00e0 bord d&rsquo;un ballon \u00e0 air chaud!<\/p>\n<p>Votre s\u00e9jour sera enrichi par un voyage de d\u00e9tente au parc du ch\u00e2teau Miradolo ou une promenade dans les rues historiques du centre-ville de Turin.<\/p>\n<p style=\"text-align: justify;\">\n<p><strong>2 jours, 1 nuit; \u20ac57,00 \u00a0pour personne s\u00e9jour total<\/strong><\/p>\n<p><span style=\"color: #ff6600;\"><strong><a style=\"color: #ff6600;\" href=\"\/wp-content\/uploads\/2015\/07\/Weekend-PineroloTurin-Eye..pdf\" target=\"_blank\" rel=\"noopener noreferrer\">T\u00e9l\u00e9charger le package complet<\/a><\/strong><\/span><\/p>\n<h5 style=\"text-align: right;\"><span style=\"text-decoration: underline; color: #ff6600;\"><strong><span style=\"text-decoration: underline;\">R\u00e9servez!<\/span><\/strong><\/span><\/h5>\n<div class=\"gdlr-shortcode-wrapper\">\n<div class=\"clear\"><\/div>\n<div class=\"gdlr-item gdlr-divider-item\"  >\n<div class=\"gdlr-divider solid\" ><\/div>\n<\/div>\n<\/div>\n<p><a href=\"\/wp-content\/uploads\/2015\/07\/ChisoneFamily.png\"><img decoding=\"async\" loading=\"lazy\" class=\"alignleft size-medium wp-image-7859\" src=\"\/wp-content\/uploads\/2015\/07\/ChisoneFamily-300x200.png\" alt=\"ChisoneFamily\" width=\"300\" height=\"200\" \/><\/a><\/p>\n<h4><span style=\"color: #ff6600;\"><strong>V\u00e9lo familiale longue Chisone<\/strong><\/span><\/h4>\n<p style=\"text-align: justify;\">Nous vous proposons une sortie en famille! Une belle balade \u00e0 v\u00e9lo le long de la rivi\u00e8re Chisone, entour\u00e9 par la nature et la faible difficult\u00e9. Le parcours couvre toute la longueur de la rivi\u00e8re, a une dur\u00e9e d&rsquo;environ 3\/2 heures, et laisse directement \u00e0 l&rsquo;h\u00f4tel: vous et vos enfants passerez une journ\u00e9e inoubliable!<\/p>\n<p><strong>2 jours, 1 nuit: \u20ac 418,00\u00a0pour famille s\u00e9jour total<\/strong><span style=\"color: #ff6600;\"><strong><br \/>\n<\/strong><\/span><\/p>\n<h5 style=\"text-align: right;\"><span style=\"text-decoration: underline; color: #ff6600;\"><strong>R\u00e9servez!<\/strong><\/span><\/h5>\n<div class=\"clear\"><\/div>\n<div class=\"gdlr-space\" style=\"margin-top: 20px;\"><\/div>\n<h4><span style=\"color: #ff6600;\"><strong><img decoding=\"async\" loading=\"lazy\" class=\"size-medium wp-image-10893 alignleft\" src=\"\/wp-content\/uploads\/2015\/07\/Torino-Outlet-Village-pacchetto-300x225.jpg\" alt=\"\" width=\"300\" height=\"225\" srcset=\"\/wp-content\/uploads\/2015\/07\/Torino-Outlet-Village-pacchetto-300x225.jpg 300w, \/wp-content\/uploads\/2015\/07\/Torino-Outlet-Village-pacchetto-768x576.jpg 768w, \/wp-content\/uploads\/2015\/07\/Torino-Outlet-Village-pacchetto.jpg 1024w, \/wp-content\/uploads\/2015\/07\/Torino-Outlet-Village-pacchetto-400x300.jpg 400w\" sizes=\"(max-width: 300px) 100vw, 300px\" \/>Shopping Weekend<br \/>\n<\/strong><\/span><\/h4>\n<p style=\"text-align: justify;\">Ne manquez pas l&rsquo;occasion de passer un week-end de shopping \u00e0 une r\u00e9duction de 70% toute l&rsquo;ann\u00e9e! Turin Outlet Village vous attend avec les meilleures marques italiennes et internationales!<\/p>\n<p><strong><u>S\u00e9jour \u00e0 l&rsquo;H\u00f4tel Barrage et ont la possibilit\u00e9 de recevoir un rabais suppl\u00e9mentaire de 10%!<\/u><\/strong><\/p>\n<p><strong>2 jours, 1 nuit: \u20ac 50,00 pour personne s\u00e9jour total<\/strong><\/p>\n<p><span style=\"color: #ff6600;\"><strong><a style=\"color: #ff6600;\" href=\"\/wp-content\/uploads\/2015\/07\/Pacchetto-Torino-Outlet-Village.pdf\" target=\"_blank\" rel=\"noopener noreferrer\">T\u00e9l\u00e9charger le package complet<\/a><\/strong><\/span><\/p>\n<h5 style=\"text-align: right;\"><span style=\"text-decoration: underline; color: #ff6600;\"><strong>R\u00e9servez!<\/strong><\/span><\/h5>\n<div class=\"gdlr-shortcode-wrapper\">\n<div class=\"clear\"><\/div>\n<div class=\"gdlr-item gdlr-divider-item\"  >\n<div class=\"gdlr-divider solid\"  style=\"width: 50%;\" ><\/div>\n<\/div>\n<\/div>\n<p><span style=\"color: #ff6600;\"><span style=\"color: #000000;\">Retour \u00e0<\/span><\/span>\u00a0<span style=\"color: #ff6600;\"><strong><a style=\"color: #ff6600; text-decoration: underline;\" href=\"http:\/\/www.hotelbarrage.it\/proposte\">PROPOSITION<\/a><\/strong><\/span><\/p>\n","protected":false},"excerpt":{"rendered":"<p>Parc Zoom\u00a0 Ne manquez pas l&rsquo;occasion de visiter l&rsquo;incroyable parc Zoom! Vous allez passer deux jours pour se amuser avec toute la famille, y compris des tigres, des hippopotames et des girafes! 2 jours, 1 nuit: 60,00 \u20ac (le weekend) \u2013 65,00 \u20ac (au cours de la semaine)\u00a0pour Personne s\u00e9jour total T\u00e9l\u00e9charger le package complet&#8230; <\/p>\n<div class=\"clear\"><\/div>\n<p><a href=\"https:\/\/www.hotelbarrage.it\/fr\/propositions\/family-holidays\" class=\"excerpt-read-more\">Continue Reading<i class=\"fa fa-long-arrow-right icon-long-arrow-right\"><\/i><\/a><\/p>\n","protected":false},"author":9,"featured_media":0,"parent":6130,"menu_order":0,"comment_status":"closed","ping_status":"closed","template":"","meta":[],"_links":{"self":[{"href":"https:\/\/www.hotelbarrage.it\/fr\/wp-json\/wp\/v2\/pages\/6203"}],"collection":[{"href":"https:\/\/www.hotelbarrage.it\/fr\/wp-json\/wp\/v2\/pages"}],"about":[{"href":"https:\/\/www.hotelbarrage.it\/fr\/wp-json\/wp\/v2\/types\/page"}],"author":[{"embeddable":true,"href":"https:\/\/www.hotelbarrage.it\/fr\/wp-json\/wp\/v2\/users\/9"}],"replies":[{"embeddable":true,"href":"https:\/\/www.hotelbarrage.it\/fr\/wp-json\/wp\/v2\/comments?post=6203"}],"version-history":[{"count":10,"href":"https:\/\/www.hotelbarrage.it\/fr\/wp-json\/wp\/v2\/pages\/6203\/revisions"}],"predecessor-version":[{"id":11359,"href":"https:\/\/www.hotelbarrage.it\/fr\/wp-json\/wp\/v2\/pages\/6203\/revisions\/11359"}],"up":[{"embeddable":true,"href":"https:\/\/www.hotelbarrage.it\/fr\/wp-json\/wp\/v2\/pages\/6130"}],"wp:attachment":[{"href":"https:\/\/www.hotelbarrage.it\/fr\/wp-json\/wp\/v2\/media?parent=6203"}],"curies":[{"name":"wp","href":"https:\/\/api.w.org\/{rel}","templated":true}]}}