{"id":6210,"date":"2015-07-03T10:28:56","date_gmt":"2015-07-03T08:28:56","guid":{"rendered":"http:\/\/www.hotelbarrage.it\/?page_id=6210"},"modified":"2018-03-13T13:13:20","modified_gmt":"2018-03-13T12:13:20","slug":"sport-aventure","status":"publish","type":"page","link":"https:\/\/www.hotelbarrage.it\/fr\/propositions\/sport-aventure","title":{"rendered":"Bike et Trekking"},"content":{"rendered":"<p><a href=\"\/wp-content\/uploads\/2015\/07\/turismoBike_HotelBarrage.jpg\"><img decoding=\"async\" loading=\"lazy\" class=\"alignleft wp-image-5492\" src=\"\/wp-content\/uploads\/2015\/07\/turismoBike_HotelBarrage-300x176.jpg\" alt=\"turismoBike_HotelBarrage\" width=\"267\" height=\"149\" \/><\/a><\/p>\n<h2><span style=\"color: #ff6600;\"><strong>Tourisme et v\u00e9lo \u00e0 l\u2019H\u00f4tel Barrage<\/strong><\/span><\/h2>\n<p style=\"text-align: justify;\">Pour les amateurs et les sportifs. Trois jours sans arr\u00eat de nature et de v\u00e9lo pour visiter les beaut\u00e9s du territoire \u00e0 v\u00e9lo!<\/p>\n<p style=\"text-align: justify;\">\n<strong>3 Jours, 2 Nuits : 159,00 \u20ac par personne Total s\u00e9jour<\/strong><strong><br \/>\n<\/strong><\/p>\n<h5 style=\"text-align: right;\"><a href=\"https:\/\/www.quickbooking.eu\/BOL\/en\/5184\/hotel-barrage\/offer\/1-15186\/turismo-e-bike-all~hotel-barrage-\"><strong><span style=\"color: #ff6600;\">R\u00e9servez!<\/span> <\/strong><\/a><\/h5>\n<hr \/>\n<h4><strong><span style=\"color: #ff6600;\"><a href=\"\/wp-content\/uploads\/2015\/07\/LightBike_HotelBarrage1.jpg\"><img decoding=\"async\" loading=\"lazy\" class=\" wp-image-5497 alignleft\" src=\"\/wp-content\/uploads\/2015\/07\/LightBike_HotelBarrage1-300x156.jpg\" alt=\"LightBike_HotelBarrage\" width=\"263\" height=\"143\" \/><\/a><\/span><\/strong><\/h4>\n<h2><span style=\"color: #ff6600;\"><strong>Light Bike \u00e0 l\u2019H\u00f4tel Barrage<\/strong><\/span><\/h2>\n<p style=\"text-align: justify;\">Pour ceux qui souhaitent faire une pause dans la quotidiennet\u00e9, deux jours pour visiter les beaut\u00e9s du territoire sans aucun souci!\u00a0Une activit\u00e9 pour toute la famille!<\/p>\n<p><strong style=\"line-height: 1.5;\">2 Jours, 1 Nuit : 99,00 \u20ac par personne Total s\u00e9jour<\/strong><span style=\"color: #ff6600;\"><strong><span style=\"text-decoration: underline;\"><br \/>\n<\/span><\/strong><\/span><\/p>\n<h5 style=\"text-align: right;\"><a href=\"https:\/\/www.quickbooking.eu\/BOL\/en\/5184\/hotel-barrage\/offer\/1-15184\/light-bike-all~hotel-barrage-\"><span style=\"color: #ff6600;\">R\u00e9servez!<\/span><\/a><\/h5>\n<hr \/>\n<h4><\/h4>\n<p>&nbsp;<\/p>\n<p><a href=\"http:\/\/www.hotelbarrage.it\/fr\/propositions\">Retour \u00e0 <strong>PROPOSITIONS<\/strong><\/a><\/p>\n<p>&nbsp;<\/p>\n<p>&nbsp;<\/p>\n","protected":false},"excerpt":{"rendered":"<p>Tourisme et v\u00e9lo \u00e0 l\u2019H\u00f4tel Barrage Pour les amateurs et les sportifs. Trois jours sans arr\u00eat de nature et de v\u00e9lo pour visiter les beaut\u00e9s du territoire \u00e0 v\u00e9lo! 3 Jours, 2 Nuits : 159,00 \u20ac par personne Total s\u00e9jour R\u00e9servez! Light Bike \u00e0 l\u2019H\u00f4tel Barrage Pour ceux qui souhaitent faire une pause dans la&#8230; <\/p>\n<div class=\"clear\"><\/div>\n<p><a href=\"https:\/\/www.hotelbarrage.it\/fr\/propositions\/sport-aventure\" class=\"excerpt-read-more\">Continue Reading<i class=\"fa fa-long-arrow-right icon-long-arrow-right\"><\/i><\/a><\/p>\n","protected":false},"author":9,"featured_media":0,"parent":6130,"menu_order":0,"comment_status":"closed","ping_status":"open","template":"","meta":[],"_links":{"self":[{"href":"https:\/\/www.hotelbarrage.it\/fr\/wp-json\/wp\/v2\/pages\/6210"}],"collection":[{"href":"https:\/\/www.hotelbarrage.it\/fr\/wp-json\/wp\/v2\/pages"}],"about":[{"href":"https:\/\/www.hotelbarrage.it\/fr\/wp-json\/wp\/v2\/types\/page"}],"author":[{"embeddable":true,"href":"https:\/\/www.hotelbarrage.it\/fr\/wp-json\/wp\/v2\/users\/9"}],"replies":[{"embeddable":true,"href":"https:\/\/www.hotelbarrage.it\/fr\/wp-json\/wp\/v2\/comments?post=6210"}],"version-history":[{"count":10,"href":"https:\/\/www.hotelbarrage.it\/fr\/wp-json\/wp\/v2\/pages\/6210\/revisions"}],"predecessor-version":[{"id":11977,"href":"https:\/\/www.hotelbarrage.it\/fr\/wp-json\/wp\/v2\/pages\/6210\/revisions\/11977"}],"up":[{"embeddable":true,"href":"https:\/\/www.hotelbarrage.it\/fr\/wp-json\/wp\/v2\/pages\/6130"}],"wp:attachment":[{"href":"https:\/\/www.hotelbarrage.it\/fr\/wp-json\/wp\/v2\/media?parent=6210"}],"curies":[{"name":"wp","href":"https:\/\/api.w.org\/{rel}","templated":true}]}}