{"id":6227,"date":"2015-07-03T10:30:53","date_gmt":"2015-07-03T08:30:53","guid":{"rendered":"http:\/\/www.hotelbarrage.it\/?page_id=6227"},"modified":"2018-03-13T13:29:25","modified_gmt":"2018-03-13T12:29:25","slug":"histoireculture","status":"publish","type":"page","link":"https:\/\/www.hotelbarrage.it\/fr\/propositions\/histoireculture","title":{"rendered":"Histoire et culture"},"content":{"rendered":"<h4><strong><span style=\"color: #ff6600;\"><a href=\"\/wp-content\/uploads\/2015\/07\/ForteFenestrelle_HotelBarrage.jpg\"><img decoding=\"async\" loading=\"lazy\" class=\" wp-image-5511 alignleft\" src=\"\/wp-content\/uploads\/2015\/07\/ForteFenestrelle_HotelBarrage-300x219.jpg\" alt=\"ForteFenestrelle_HotelBarrage\" width=\"285\" height=\"186\" \/><\/a><\/span><\/strong><\/h4>\n<h4><span style=\"color: #ff6600;\"><strong>Entre l&rsquo;Art et la Nature &#8211; Fenestrelle<\/strong><\/span><\/h4>\n<p style=\"text-align: justify; text-justify: inter-ideograph;\"><span lang=\"FR\">Un plongeon dans l&rsquo;histoire entre l&rsquo;art et la culture. Une visite des terres de la Grande Muraille italienne.\u00a0Une activit\u00e9 pour toute la famille!<br \/>\n<em>Visites au choix (comprises):<\/em><i><br \/>\n<\/i><strong>&#8211; \u00c0 la d\u00e9couverte du San Carlo.<\/strong> Dur\u00e9e: environ une heure;<br \/>\n<strong>&#8211;<\/strong>\u00a0<strong>Un voyage fascinant \u00e0 l&rsquo;int\u00e9rieur des remparts<\/strong>. Dur\u00e9e: environ 3 heures.<br \/>\n<\/span><\/p>\n<p style=\"text-align: justify; text-justify: inter-ideograph;\"><span lang=\"FR\"><strong>3 Jours, 2 Nuits: 70,00 \u20ac<\/strong>\u00a0en semaine \u2013\u00a0<strong>75,00 \u20ac<\/strong>\u00a0le week-end (suppl\u00e9ment enfants 15,00 \u20ac par nuit)<\/span><\/p>\n<h5 style=\"text-align: right;\"><span style=\"text-decoration: underline; color: #ff6600;\"><strong><span style=\"text-decoration: underline;\"><a style=\"color: #ff6600; text-decoration: underline;\" href=\"https:\/\/www.quickbooking.eu\/BOL\/fr\/5184\/hotel-barrage\/offer\/1-12870\/tra-arte-%C2%A7-natura-_-fenestrelle\" target=\"_blank\" rel=\"noopener noreferrer\">R\u00e9servez!<\/a><\/span><\/strong><\/span><\/h5>\n<h4><\/h4>\n<h4><\/h4>\n<p><a href=\"http:\/\/www.hotelbarrage.it\/fr\/propositions\">Retour \u00e0 PROPOSITIONS<\/a><\/p>\n","protected":false},"excerpt":{"rendered":"<p>Entre l&rsquo;Art et la Nature &#8211; Fenestrelle Un plongeon dans l&rsquo;histoire entre l&rsquo;art et la culture. Une visite des terres de la Grande Muraille italienne.\u00a0Une activit\u00e9 pour toute la famille! Visites au choix (comprises): &#8211; \u00c0 la d\u00e9couverte du San Carlo. Dur\u00e9e: environ une heure; &#8211;\u00a0Un voyage fascinant \u00e0 l&rsquo;int\u00e9rieur des remparts. Dur\u00e9e: environ 3&#8230; <\/p>\n<div class=\"clear\"><\/div>\n<p><a href=\"https:\/\/www.hotelbarrage.it\/fr\/propositions\/histoireculture\" class=\"excerpt-read-more\">Continue Reading<i class=\"fa fa-long-arrow-right icon-long-arrow-right\"><\/i><\/a><\/p>\n","protected":false},"author":9,"featured_media":0,"parent":6130,"menu_order":0,"comment_status":"closed","ping_status":"open","template":"","meta":[],"_links":{"self":[{"href":"https:\/\/www.hotelbarrage.it\/fr\/wp-json\/wp\/v2\/pages\/6227"}],"collection":[{"href":"https:\/\/www.hotelbarrage.it\/fr\/wp-json\/wp\/v2\/pages"}],"about":[{"href":"https:\/\/www.hotelbarrage.it\/fr\/wp-json\/wp\/v2\/types\/page"}],"author":[{"embeddable":true,"href":"https:\/\/www.hotelbarrage.it\/fr\/wp-json\/wp\/v2\/users\/9"}],"replies":[{"embeddable":true,"href":"https:\/\/www.hotelbarrage.it\/fr\/wp-json\/wp\/v2\/comments?post=6227"}],"version-history":[{"count":8,"href":"https:\/\/www.hotelbarrage.it\/fr\/wp-json\/wp\/v2\/pages\/6227\/revisions"}],"predecessor-version":[{"id":11985,"href":"https:\/\/www.hotelbarrage.it\/fr\/wp-json\/wp\/v2\/pages\/6227\/revisions\/11985"}],"up":[{"embeddable":true,"href":"https:\/\/www.hotelbarrage.it\/fr\/wp-json\/wp\/v2\/pages\/6130"}],"wp:attachment":[{"href":"https:\/\/www.hotelbarrage.it\/fr\/wp-json\/wp\/v2\/media?parent=6227"}],"curies":[{"name":"wp","href":"https:\/\/api.w.org\/{rel}","templated":true}]}}